{"id":8433,"date":"2020-09-29T21:43:29","date_gmt":"2020-09-29T21:43:29","guid":{"rendered":"https:\/\/encore-can.com\/show-management\/"},"modified":"2021-01-18T22:10:10","modified_gmt":"2021-01-18T22:10:10","slug":"show-management","status":"publish","type":"page","link":"https:\/\/old.encore-can.com\/fr\/show-management\/","title":{"rendered":"Gestion de l&rsquo;\u00e9v\u00e9nement"},"content":{"rendered":"\t\t<div data-elementor-type=\"wp-page\" data-elementor-id=\"8433\" class=\"elementor elementor-8433 elementor-2937\" data-elementor-post-type=\"page\">\n\t\t\t\t\t\t<section class=\"elementor-section elementor-top-section elementor-element elementor-element-9070e37 elementor-section-stretched logo-bg left grey-border-bottom elementor-section-boxed elementor-section-height-default elementor-section-height-default\" data-id=\"9070e37\" data-element_type=\"section\" data-settings=\"{&quot;stretch_section&quot;:&quot;section-stretched&quot;,&quot;background_background&quot;:&quot;classic&quot;}\">\n\t\t\t\t\t\t<div class=\"elementor-container elementor-column-gap-default\">\n\t\t\t\t\t<div class=\"elementor-column elementor-col-33 elementor-top-column elementor-element elementor-element-3e84a2eb\" data-id=\"3e84a2eb\" data-element_type=\"column\">\n\t\t\t<div class=\"elementor-widget-wrap elementor-element-populated\">\n\t\t\t\t\t\t<div class=\"elementor-element elementor-element-5b4404e6 elementor-widget elementor-widget-image\" data-id=\"5b4404e6\" data-element_type=\"widget\" data-widget_type=\"image.default\">\n\t\t\t\t<div class=\"elementor-widget-container\">\n\t\t\t\t\t\t\t\t\t\t\t\t\t\t\t\t<a href=\"https:\/\/info.encoreglobal.com\/app\/uploads\/sites\/3\/2020\/09\/chani-with-client.jpg\" data-elementor-open-lightbox=\"yes\" data-elementor-lightbox-title=\"chani-with-client.jpg\" data-e-action-hash=\"#elementor-action%3Aaction%3Dlightbox%26settings%3DeyJpZCI6MjY1OSwidXJsIjoiaHR0cHM6XC9cL2Nkbi5lbmNvcmVnbG9iYWwuY29tXC93cC1jb250ZW50XC91cGxvYWRzXC9zaXRlc1wvM1wvMjAyMFwvMDlcLzI5MTkyNzQxXC9jaGFuaS13aXRoLWNsaWVudC5qcGcifQ%3D%3D\">\n\t\t\t\t\t\t\t<img fetchpriority=\"high\" decoding=\"async\" width=\"1600\" height=\"1067\" src=\"https:\/\/cdn.encoreglobal.com\/wp-content\/uploads\/sites\/3\/2020\/09\/29192741\/chani-with-client.jpg\" class=\"attachment-full size-full wp-image-2659\" alt=\"\" srcset=\"https:\/\/cdn.encoreglobal.com\/wp-content\/uploads\/sites\/3\/2020\/09\/29192741\/chani-with-client.jpg 1600w, https:\/\/cdn.encoreglobal.com\/wp-content\/uploads\/sites\/3\/2020\/09\/29192741\/chani-with-client-300x200.jpg 300w, https:\/\/cdn.encoreglobal.com\/wp-content\/uploads\/sites\/3\/2020\/09\/29192741\/chani-with-client-1024x683.jpg 1024w, https:\/\/cdn.encoreglobal.com\/wp-content\/uploads\/sites\/3\/2020\/09\/29192741\/chani-with-client-768x512.jpg 768w, https:\/\/cdn.encoreglobal.com\/wp-content\/uploads\/sites\/3\/2020\/09\/29192741\/chani-with-client-1536x1024.jpg 1536w\" sizes=\"(max-width: 1600px) 100vw, 1600px\" \/>\t\t\t\t\t\t\t\t<\/a>\n\t\t\t\t\t\t\t\t\t\t\t\t\t\t\t<\/div>\n\t\t\t\t<\/div>\n\t\t\t\t\t<\/div>\n\t\t<\/div>\n\t\t\t\t<div class=\"elementor-column elementor-col-66 elementor-top-column elementor-element elementor-element-3932df9d\" data-id=\"3932df9d\" data-element_type=\"column\">\n\t\t\t<div class=\"elementor-widget-wrap elementor-element-populated\">\n\t\t\t\t\t\t<div class=\"elementor-element elementor-element-4c76ce4c elementor-widget elementor-widget-text-editor\" data-id=\"4c76ce4c\" data-element_type=\"widget\" data-widget_type=\"text-editor.default\">\n\t\t\t\t<div class=\"elementor-widget-container\">\n\t\t\t\t\t\t\t\t\t<h2>Gestion de l&rsquo;\u00e9v\u00e9nement<\/h2><p>Gr\u00e2ce \u00e0 ses comp\u00e9tences sp\u00e9cialis\u00e9es dans la gestion technique de la production d&rsquo;\u00e9v\u00e9nements, Encore est en mesure de vous fournir un point de contact unique qui supervisera la gestion de l&rsquo;\u00e9v\u00e9nement et travaillera avec vous \u00e0 chaque \u00e9tape.<\/p><p>Utilisez Encore comme votre unique ressource pour la production de l&rsquo;\u00e9v\u00e9nement afin d&rsquo;assurer une exp\u00e9rience sans faille pour vous, vos pr\u00e9sentateurs et votre public, y compris :<\/p><ul><li style=\"list-style-type: none\"><ul><li>La gestion de la production de tous les aspects de l&rsquo;\u00e9v\u00e9nement, du brief \u00e0 l&rsquo;ex\u00e9cution<\/li><li>Collaborer avec les producteurs, les concepteurs et les autres partenaires de l&rsquo;\u00e9v\u00e9nement<\/li><li>Gestion de la journ\u00e9e de l&rsquo;\u00e9v\u00e9nement, y compris la production de la feuille de route de l&rsquo;\u00e9v\u00e9nement, la gestion de la sc\u00e8ne et l&rsquo;organisation de l&rsquo;\u00e9v\u00e9nement<\/li><li>Assurer la liaison avec les fournisseurs et les lieux de r\u00e9union ainsi que la gestion logistique<\/li><li>Gestion compl\u00e8te des talents, des avenants aux contrats aux exigences techniques et aux r\u00e9p\u00e9titions<\/li><li>Conception, fourniture, gestion et exploitation de tous les \u00e9l\u00e9ments techniques, y compris l&rsquo;audiovisuel, l&rsquo;\u00e9clairage, la mise en sc\u00e8ne, le gr\u00e9ement, etc.<\/li><\/ul><\/li><\/ul>\t\t\t\t\t\t\t\t<\/div>\n\t\t\t\t<\/div>\n\t\t\t\t\t<\/div>\n\t\t<\/div>\n\t\t\t\t\t<\/div>\n\t\t<\/section>\n\t\t\t\t<section class=\"elementor-section elementor-top-section elementor-element elementor-element-75204543 elementor-section-stretched elementor-section-boxed elementor-section-height-default elementor-section-height-default\" data-id=\"75204543\" data-element_type=\"section\" data-settings=\"{&quot;stretch_section&quot;:&quot;section-stretched&quot;,&quot;background_background&quot;:&quot;classic&quot;}\">\n\t\t\t\t\t\t<div class=\"elementor-container elementor-column-gap-default\">\n\t\t\t\t\t<div class=\"elementor-column elementor-col-50 elementor-top-column elementor-element elementor-element-4319f48c\" data-id=\"4319f48c\" data-element_type=\"column\">\n\t\t\t<div class=\"elementor-widget-wrap elementor-element-populated\">\n\t\t\t\t\t\t<div class=\"elementor-element elementor-element-f9509dd elementor-widget elementor-widget-text-editor\" data-id=\"f9509dd\" data-element_type=\"widget\" data-widget_type=\"text-editor.default\">\n\t\t\t\t<div class=\"elementor-widget-container\">\n\t\t\t\t\t\t\t\t\t<h2><span style=\"color: #ffffff\">Chaque \u00e9v\u00e9nement est unique<\/span><\/h2><p style=\"text-align: left\"><span style=\"color: #ffffff\">Chacun de vos \u00e9v\u00e9nements est unique, c&rsquo;est pourquoi nous personnalisons chacun d&rsquo;entre eux pour r\u00e9pondre \u00e0 vos objectifs.<\/span><\/p>\t\t\t\t\t\t\t\t<\/div>\n\t\t\t\t<\/div>\n\t\t\t\t\t<\/div>\n\t\t<\/div>\n\t\t\t\t<div class=\"elementor-column elementor-col-50 elementor-top-column elementor-element elementor-element-5e932f\" data-id=\"5e932f\" data-element_type=\"column\" data-settings=\"{&quot;background_background&quot;:&quot;classic&quot;}\">\n\t\t\t<div class=\"elementor-widget-wrap elementor-element-populated\">\n\t\t\t\t\t\t<div class=\"elementor-element elementor-element-24384cb4 elementor-arrows-yes elementor--star-style-star_fontawesome elementor-widget elementor-widget-reviews\" data-id=\"24384cb4\" data-element_type=\"widget\" data-settings=\"{&quot;motion_fx_motion_fx_scrolling&quot;:&quot;yes&quot;,&quot;slides_per_view&quot;:&quot;1&quot;,&quot;space_between&quot;:{&quot;unit&quot;:&quot;px&quot;,&quot;size&quot;:&quot;4&quot;,&quot;sizes&quot;:[]},&quot;show_arrows&quot;:&quot;yes&quot;,&quot;speed&quot;:500,&quot;autoplay&quot;:&quot;yes&quot;,&quot;autoplay_speed&quot;:5000,&quot;loop&quot;:&quot;yes&quot;,&quot;pause_on_hover&quot;:&quot;yes&quot;,&quot;pause_on_interaction&quot;:&quot;yes&quot;,&quot;space_between_tablet&quot;:{&quot;unit&quot;:&quot;px&quot;,&quot;size&quot;:10,&quot;sizes&quot;:[]},&quot;space_between_mobile&quot;:{&quot;unit&quot;:&quot;px&quot;,&quot;size&quot;:10,&quot;sizes&quot;:[]},&quot;motion_fx_devices&quot;:[&quot;desktop&quot;,&quot;tablet&quot;,&quot;mobile&quot;]}\" data-widget_type=\"reviews.default\">\n\t\t\t\t<div class=\"elementor-widget-container\">\n\t\t\t\t\t\t\t\t\t<div class=\"elementor-swiper\">\n\t\t\t\t\t<div class=\"elementor-main-swiper swiper\" role=\"region\" aria-roledescription=\"carousel\" aria-label=\"Slides\">\n\t\t\t\t<div class=\"swiper-wrapper\">\n\t\t\t\t\t\t\t\t\t\t\t<div class=\"swiper-slide\" role=\"group\" aria-roledescription=\"slide\">\n\t\t\t\t\t\t\t\t\t<div class=\"elementor-testimonial elementor-repeater-item-d260165\">\n\t\t\t\t\t\t\t\t\t\t<div class=\"elementor-testimonial__content\">\n\t\t\t\t\t<div class=\"elementor-testimonial__text\">\n\t\t\t\t\t\t<br><br><\/br>\u201c\"L'\u00e9quipe d'Encore avec laquelle nous avons travaill\u00e9 \u00e9tait ph\u00e9nom\u00e9nale et je n'aurais pas pu demander une meilleure exp\u00e9rience. Ils ont vraiment r\u00e9pondu \u00e0 toutes mes attentes\".\n<br><\/br><br>\n<b>Kristin Moon<\/b>\n<br>\nDesigner d'apprentissage professionnel, Arizona K-12<br><\/br>\n\t\t\t\t\t<\/div>\n\t\t\t\t<\/div>\n\t\t\t\t\t<\/div>\n\t\t\t\t\t\t\t\t<\/div>\n\t\t\t\t\t\t\t\t\t<\/div>\n\t\t\t\t\t\t\t<\/div>\n\t\t\t\t<\/div>\n\t\t\t\t\t\t\t\t<\/div>\n\t\t\t\t<\/div>\n\t\t\t\t\t<\/div>\n\t\t<\/div>\n\t\t\t\t\t<\/div>\n\t\t<\/section>\n\t\t\t\t<section class=\"elementor-section elementor-top-section elementor-element elementor-element-6e6be0be elementor-section-boxed elementor-section-height-default elementor-section-height-default\" data-id=\"6e6be0be\" data-element_type=\"section\">\n\t\t\t\t\t\t<div class=\"elementor-container elementor-column-gap-default\">\n\t\t\t\t\t<div class=\"elementor-column elementor-col-100 elementor-top-column elementor-element elementor-element-4543d9f\" data-id=\"4543d9f\" data-element_type=\"column\">\n\t\t\t<div class=\"elementor-widget-wrap elementor-element-populated\">\n\t\t\t\t\t\t<div class=\"elementor-element elementor-element-1a965078 elementor-widget elementor-widget-spacer\" data-id=\"1a965078\" data-element_type=\"widget\" data-widget_type=\"spacer.default\">\n\t\t\t\t<div class=\"elementor-widget-container\">\n\t\t\t\t\t\t\t<div class=\"elementor-spacer\">\n\t\t\t<div class=\"elementor-spacer-inner\"><\/div>\n\t\t<\/div>\n\t\t\t\t\t\t<\/div>\n\t\t\t\t<\/div>\n\t\t\t\t\t<\/div>\n\t\t<\/div>\n\t\t\t\t\t<\/div>\n\t\t<\/section>\n\t\t\t\t<section class=\"elementor-section elementor-top-section elementor-element elementor-element-5b02ccf6 elementor-section-stretched elementor-section-boxed elementor-section-height-default elementor-section-height-default\" data-id=\"5b02ccf6\" data-element_type=\"section\" data-settings=\"{&quot;stretch_section&quot;:&quot;section-stretched&quot;,&quot;background_background&quot;:&quot;slideshow&quot;,&quot;background_slideshow_gallery&quot;:[{&quot;id&quot;:&quot;2538&quot;,&quot;url&quot;:&quot;https:\\\/\\\/www.encoreglobal.com\\\/app\\\/uploads\\\/sites\\\/3\\\/2020\\\/09\\\/Global-locator-option-scaled-1.jpg&quot;}],&quot;background_slideshow_loop&quot;:&quot;yes&quot;,&quot;background_slideshow_slide_duration&quot;:5000,&quot;background_slideshow_slide_transition&quot;:&quot;fade&quot;,&quot;background_slideshow_transition_duration&quot;:500}\">\n\t\t\t\t\t\t\t<div class=\"elementor-background-overlay\"><\/div>\n\t\t\t\t\t\t\t<div class=\"elementor-container elementor-column-gap-default\">\n\t\t\t\t\t<div class=\"elementor-column elementor-col-50 elementor-top-column elementor-element elementor-element-68dc1ab\" data-id=\"68dc1ab\" data-element_type=\"column\">\n\t\t\t<div class=\"elementor-widget-wrap elementor-element-populated\">\n\t\t\t\t\t\t<div class=\"elementor-element elementor-element-183d1d93 elementor-widget elementor-widget-text-editor\" data-id=\"183d1d93\" data-element_type=\"widget\" data-widget_type=\"text-editor.default\">\n\t\t\t\t<div class=\"elementor-widget-container\">\n\t\t\t\t\t\t\t\t\t<h2>Localisateur global\u00a0<\/h2><p>Pour contacter un lieu d&rsquo;Encore Canada, veuillez visiter notre page <span style=\"color: #ffffff\"><a style=\"color: #ffffff\" href=\"https:\/\/staging.encoreglobal.com\/global-locator\/\"><strong>Localisateur Global<\/strong><\/a><\/span>. Filtrez par type de lieu, pays, ville et marque de lieu. Les membres qualifi\u00e9s de notre \u00e9quipe vous guideront vers les solutions les mieux adapt\u00e9es \u00e0 votre type d&rsquo;\u00e9v\u00e9nement.<\/p><p><span style=\"color: #ffffff\"><strong><a style=\"color: #fff\" href=\"\/global-locator\/\">Localisateur Global<\/a><\/strong><\/span><\/p>\t\t\t\t\t\t\t\t<\/div>\n\t\t\t\t<\/div>\n\t\t\t\t\t<\/div>\n\t\t<\/div>\n\t\t\t\t<div class=\"elementor-column elementor-col-50 elementor-top-column elementor-element elementor-element-36846765\" data-id=\"36846765\" data-element_type=\"column\">\n\t\t\t<div class=\"elementor-widget-wrap\">\n\t\t\t\t\t\t\t<\/div>\n\t\t<\/div>\n\t\t\t\t\t<\/div>\n\t\t<\/section>\n\t\t\t\t<section class=\"elementor-section elementor-top-section elementor-element elementor-element-59d9405b elementor-section-boxed elementor-section-height-default elementor-section-height-default\" data-id=\"59d9405b\" data-element_type=\"section\">\n\t\t\t\t\t\t<div class=\"elementor-container elementor-column-gap-default\">\n\t\t\t\t\t<div class=\"elementor-column elementor-col-100 elementor-top-column elementor-element elementor-element-739e12d8\" data-id=\"739e12d8\" data-element_type=\"column\">\n\t\t\t<div class=\"elementor-widget-wrap elementor-element-populated\">\n\t\t\t\t\t\t<div class=\"elementor-element elementor-element-3f8baae0 elementor-widget elementor-widget-text-editor\" data-id=\"3f8baae0\" data-element_type=\"widget\" data-widget_type=\"text-editor.default\">\n\t\t\t\t<div class=\"elementor-widget-container\">\n\t\t\t\t\t\t\t\t\t<div class=\"elementor-element elementor-element-2bf65b02 elementor-widget elementor-widget-heading\" data-id=\"2bf65b02\" data-element_type=\"widget\" data-widget_type=\"heading.default\"><div class=\"elementor-widget-container\"><h2 class=\"elementor-heading-title elementor-size-default\">Discutons de vos besoins en mati\u00e8re d&rsquo;exp\u00e9rience \u00e9v\u00e9nementielle.<\/h2><\/div><\/div><div class=\"elementor-element elementor-element-2133247d elementor-widget elementor-widget-text-editor\" data-id=\"2133247d\" data-element_type=\"widget\" data-widget_type=\"text-editor.default\"><div class=\"elementor-widget-container\"><div class=\"elementor-text-editor elementor-clearfix\"><h3>Contactez-nous au 1.800.868.6886 ou remplissez le formulaire ci-dessous pour commencer !<\/h3><p><span class=\"nanospell-typo\">Pour contacter un lieu sp\u00e9cifique, veuillez proc\u00e9der via <a href=\"https:\/\/staging.encoreglobal.com\/global-locator\/\">Localisateur Global<\/a>. Cela vous permettra d&rsquo;entrer en contact avec l&rsquo;\u00e9quipe du lieu de l&rsquo;\u00e9v\u00e9nement afin de r\u00e9pondre \u00e0 vos besoins en mati\u00e8re d&rsquo;exp\u00e9rience \u00e9v\u00e9nementielle.<\/span><\/p><p>Pour les demandes de renseignements g\u00e9n\u00e9raux sur les \u00e9v\u00e9nements, veuillez continuer \u00e0 remplir le formulaire<\/p><p><\/p><p>MktoForms2.loadForm(&laquo; \/\/app-sj32.marketo.com &raquo;, &laquo; 920-VLN-838 &raquo;, 1084);<\/p><\/div><\/div><\/div>\t\t\t\t\t\t\t\t<\/div>\n\t\t\t\t<\/div>\n\t\t\t\t\t<\/div>\n\t\t<\/div>\n\t\t\t\t\t<\/div>\n\t\t<\/section>\n\t\t\t\t<\/div>\n\t\t","protected":false},"excerpt":{"rendered":"<p>Gestion de l&rsquo;\u00e9v\u00e9nement Gr\u00e2ce \u00e0 ses comp\u00e9tences sp\u00e9cialis\u00e9es dans la gestion technique de la production d&rsquo;\u00e9v\u00e9nements, Encore est en mesure de vous fournir un point de contact unique qui supervisera la gestion de l&rsquo;\u00e9v\u00e9nement et travaillera avec vous \u00e0 chaque \u00e9tape. Utilisez Encore comme votre unique ressource pour la production de l&rsquo;\u00e9v\u00e9nement afin d&rsquo;assurer une &#8230; <a href=\"https:\/\/old.encore-can.com\/fr\/show-management\/\">En savoir plus<\/a><\/p>\n","protected":false},"author":6934,"featured_media":2894,"parent":0,"menu_order":0,"comment_status":"closed","ping_status":"closed","template":"","meta":{"footnotes":""},"tags":[],"class_list":["post-8433","page","type-page","status-publish","has-post-thumbnail","hentry"],"yoast_head":"<!-- This site is optimized with the Yoast SEO Premium plugin v25.4 (Yoast SEO v25.4) - https:\/\/yoast.com\/wordpress\/plugins\/seo\/ -->\n<title>Gestion de l&#039;\u00e9v\u00e9nement - Encore Canada<\/title>\n<meta name=\"robots\" content=\"noindex, follow, max-snippet:-1, max-image-preview:large, max-video-preview:-1\" \/>\n<meta property=\"og:locale\" content=\"fr_CA\" \/>\n<meta property=\"og:type\" content=\"article\" \/>\n<meta property=\"og:title\" content=\"Gestion de l&#039;\u00e9v\u00e9nement\" \/>\n<meta property=\"og:description\" content=\"Gestion de l&rsquo;\u00e9v\u00e9nement Gr\u00e2ce \u00e0 ses comp\u00e9tences sp\u00e9cialis\u00e9es dans la gestion technique de la production d&rsquo;\u00e9v\u00e9nements, Encore est en mesure de vous fournir un point de contact unique qui supervisera la gestion de l&rsquo;\u00e9v\u00e9nement et travaillera avec vous \u00e0 chaque \u00e9tape. Utilisez Encore comme votre unique ressource pour la production de l&rsquo;\u00e9v\u00e9nement afin d&rsquo;assurer une ... En savoir plus\" \/>\n<meta property=\"og:url\" content=\"https:\/\/old.encore-can.com\/fr\/show-management\/\" \/>\n<meta property=\"og:site_name\" content=\"Encore Canada\" \/>\n<meta property=\"article:modified_time\" content=\"2021-01-18T22:10:10+00:00\" \/>\n<meta property=\"og:image\" content=\"https:\/\/cdn.encoreglobal.com\/wp-content\/uploads\/sites\/3\/2020\/09\/29211222\/show-management.jpg\" \/>\n\t<meta property=\"og:image:width\" content=\"2560\" \/>\n\t<meta property=\"og:image:height\" content=\"1707\" \/>\n\t<meta property=\"og:image:type\" content=\"image\/jpeg\" \/>\n<meta name=\"twitter:card\" content=\"summary_large_image\" \/>\n<meta name=\"twitter:label1\" content=\"Estimation du temps de lecture\" \/>\n\t<meta name=\"twitter:data1\" content=\"2 minutes\" \/>\n<script type=\"application\/ld+json\" class=\"yoast-schema-graph\">{\"@context\":\"https:\/\/schema.org\",\"@graph\":[{\"@type\":\"WebPage\",\"@id\":\"https:\/\/old.encore-can.com\/fr\/show-management\/\",\"url\":\"https:\/\/old.encore-can.com\/fr\/show-management\/\",\"name\":\"Gestion de l'\u00e9v\u00e9nement - Encore Canada\",\"isPartOf\":{\"@id\":\"https:\/\/old.encore-can.com\/#website\"},\"primaryImageOfPage\":{\"@id\":\"https:\/\/old.encore-can.com\/fr\/show-management\/#primaryimage\"},\"image\":{\"@id\":\"https:\/\/old.encore-can.com\/fr\/show-management\/#primaryimage\"},\"thumbnailUrl\":\"https:\/\/cdn.encoreglobal.com\/wp-content\/uploads\/sites\/3\/2020\/09\/29211222\/show-management.jpg\",\"datePublished\":\"2020-09-29T21:43:29+00:00\",\"dateModified\":\"2021-01-18T22:10:10+00:00\",\"breadcrumb\":{\"@id\":\"https:\/\/old.encore-can.com\/fr\/show-management\/#breadcrumb\"},\"inLanguage\":\"fr-CA\",\"potentialAction\":[{\"@type\":\"ReadAction\",\"target\":[\"https:\/\/old.encore-can.com\/fr\/show-management\/\"]}]},{\"@type\":\"ImageObject\",\"inLanguage\":\"fr-CA\",\"@id\":\"https:\/\/old.encore-can.com\/fr\/show-management\/#primaryimage\",\"url\":\"https:\/\/cdn.encoreglobal.com\/wp-content\/uploads\/sites\/3\/2020\/09\/29211222\/show-management.jpg\",\"contentUrl\":\"https:\/\/cdn.encoreglobal.com\/wp-content\/uploads\/sites\/3\/2020\/09\/29211222\/show-management.jpg\",\"width\":2560,\"height\":1707},{\"@type\":\"BreadcrumbList\",\"@id\":\"https:\/\/old.encore-can.com\/fr\/show-management\/#breadcrumb\",\"itemListElement\":[{\"@type\":\"ListItem\",\"position\":1,\"name\":\"Home\",\"item\":\"https:\/\/old.encore-can.com\/fr\/\"},{\"@type\":\"ListItem\",\"position\":2,\"name\":\"Gestion de l&rsquo;\u00e9v\u00e9nement\"}]},{\"@type\":\"WebSite\",\"@id\":\"https:\/\/old.encore-can.com\/#website\",\"url\":\"https:\/\/old.encore-can.com\/\",\"name\":\"Encore Canada\",\"description\":\"Events That Transform\",\"publisher\":{\"@id\":\"https:\/\/old.encore-can.com\/#organization\"},\"potentialAction\":[{\"@type\":\"SearchAction\",\"target\":{\"@type\":\"EntryPoint\",\"urlTemplate\":\"https:\/\/old.encore-can.com\/?s={search_term_string}\"},\"query-input\":{\"@type\":\"PropertyValueSpecification\",\"valueRequired\":true,\"valueName\":\"search_term_string\"}}],\"inLanguage\":\"fr-CA\"},{\"@type\":\"Organization\",\"@id\":\"https:\/\/old.encore-can.com\/#organization\",\"name\":\"Encore Canada\",\"url\":\"https:\/\/old.encore-can.com\/\",\"logo\":{\"@type\":\"ImageObject\",\"inLanguage\":\"fr-CA\",\"@id\":\"https:\/\/old.encore-can.com\/#\/schema\/logo\/image\/\",\"url\":\"https:\/\/cdn.encoreglobal.com\/wp-content\/uploads\/sites\/3\/2021\/11\/12165255\/encore-logo.png\",\"contentUrl\":\"https:\/\/cdn.encoreglobal.com\/wp-content\/uploads\/sites\/3\/2021\/11\/12165255\/encore-logo.png\",\"width\":708,\"height\":395,\"caption\":\"Encore Canada\"},\"image\":{\"@id\":\"https:\/\/old.encore-can.com\/#\/schema\/logo\/image\/\"}}]}<\/script>\n<!-- \/ Yoast SEO Premium plugin. -->","yoast_head_json":{"title":"Gestion de l'\u00e9v\u00e9nement - Encore Canada","robots":{"index":"noindex","follow":"follow","max-snippet":"max-snippet:-1","max-image-preview":"max-image-preview:large","max-video-preview":"max-video-preview:-1"},"og_locale":"fr_CA","og_type":"article","og_title":"Gestion de l'\u00e9v\u00e9nement","og_description":"Gestion de l&rsquo;\u00e9v\u00e9nement Gr\u00e2ce \u00e0 ses comp\u00e9tences sp\u00e9cialis\u00e9es dans la gestion technique de la production d&rsquo;\u00e9v\u00e9nements, Encore est en mesure de vous fournir un point de contact unique qui supervisera la gestion de l&rsquo;\u00e9v\u00e9nement et travaillera avec vous \u00e0 chaque \u00e9tape. Utilisez Encore comme votre unique ressource pour la production de l&rsquo;\u00e9v\u00e9nement afin d&rsquo;assurer une ... En savoir plus","og_url":"https:\/\/old.encore-can.com\/fr\/show-management\/","og_site_name":"Encore Canada","article_modified_time":"2021-01-18T22:10:10+00:00","og_image":[{"width":2560,"height":1707,"url":"https:\/\/cdn.encoreglobal.com\/wp-content\/uploads\/sites\/3\/2020\/09\/29211222\/show-management.jpg","type":"image\/jpeg"}],"twitter_card":"summary_large_image","twitter_misc":{"Estimation du temps de lecture":"2 minutes"},"schema":{"@context":"https:\/\/schema.org","@graph":[{"@type":"WebPage","@id":"https:\/\/old.encore-can.com\/fr\/show-management\/","url":"https:\/\/old.encore-can.com\/fr\/show-management\/","name":"Gestion de l'\u00e9v\u00e9nement - Encore Canada","isPartOf":{"@id":"https:\/\/old.encore-can.com\/#website"},"primaryImageOfPage":{"@id":"https:\/\/old.encore-can.com\/fr\/show-management\/#primaryimage"},"image":{"@id":"https:\/\/old.encore-can.com\/fr\/show-management\/#primaryimage"},"thumbnailUrl":"https:\/\/cdn.encoreglobal.com\/wp-content\/uploads\/sites\/3\/2020\/09\/29211222\/show-management.jpg","datePublished":"2020-09-29T21:43:29+00:00","dateModified":"2021-01-18T22:10:10+00:00","breadcrumb":{"@id":"https:\/\/old.encore-can.com\/fr\/show-management\/#breadcrumb"},"inLanguage":"fr-CA","potentialAction":[{"@type":"ReadAction","target":["https:\/\/old.encore-can.com\/fr\/show-management\/"]}]},{"@type":"ImageObject","inLanguage":"fr-CA","@id":"https:\/\/old.encore-can.com\/fr\/show-management\/#primaryimage","url":"https:\/\/cdn.encoreglobal.com\/wp-content\/uploads\/sites\/3\/2020\/09\/29211222\/show-management.jpg","contentUrl":"https:\/\/cdn.encoreglobal.com\/wp-content\/uploads\/sites\/3\/2020\/09\/29211222\/show-management.jpg","width":2560,"height":1707},{"@type":"BreadcrumbList","@id":"https:\/\/old.encore-can.com\/fr\/show-management\/#breadcrumb","itemListElement":[{"@type":"ListItem","position":1,"name":"Home","item":"https:\/\/old.encore-can.com\/fr\/"},{"@type":"ListItem","position":2,"name":"Gestion de l&rsquo;\u00e9v\u00e9nement"}]},{"@type":"WebSite","@id":"https:\/\/old.encore-can.com\/#website","url":"https:\/\/old.encore-can.com\/","name":"Encore Canada","description":"Events That Transform","publisher":{"@id":"https:\/\/old.encore-can.com\/#organization"},"potentialAction":[{"@type":"SearchAction","target":{"@type":"EntryPoint","urlTemplate":"https:\/\/old.encore-can.com\/?s={search_term_string}"},"query-input":{"@type":"PropertyValueSpecification","valueRequired":true,"valueName":"search_term_string"}}],"inLanguage":"fr-CA"},{"@type":"Organization","@id":"https:\/\/old.encore-can.com\/#organization","name":"Encore Canada","url":"https:\/\/old.encore-can.com\/","logo":{"@type":"ImageObject","inLanguage":"fr-CA","@id":"https:\/\/old.encore-can.com\/#\/schema\/logo\/image\/","url":"https:\/\/cdn.encoreglobal.com\/wp-content\/uploads\/sites\/3\/2021\/11\/12165255\/encore-logo.png","contentUrl":"https:\/\/cdn.encoreglobal.com\/wp-content\/uploads\/sites\/3\/2021\/11\/12165255\/encore-logo.png","width":708,"height":395,"caption":"Encore Canada"},"image":{"@id":"https:\/\/old.encore-can.com\/#\/schema\/logo\/image\/"}}]}},"_links":{"self":[{"href":"https:\/\/old.encore-can.com\/fr\/wp-json\/wp\/v2\/pages\/8433","targetHints":{"allow":["GET"]}}],"collection":[{"href":"https:\/\/old.encore-can.com\/fr\/wp-json\/wp\/v2\/pages"}],"about":[{"href":"https:\/\/old.encore-can.com\/fr\/wp-json\/wp\/v2\/types\/page"}],"author":[{"embeddable":true,"href":"https:\/\/old.encore-can.com\/fr\/wp-json\/wp\/v2\/users\/6934"}],"replies":[{"embeddable":true,"href":"https:\/\/old.encore-can.com\/fr\/wp-json\/wp\/v2\/comments?post=8433"}],"version-history":[{"count":0,"href":"https:\/\/old.encore-can.com\/fr\/wp-json\/wp\/v2\/pages\/8433\/revisions"}],"wp:featuredmedia":[{"embeddable":true,"href":"https:\/\/old.encore-can.com\/fr\/wp-json\/wp\/v2\/media\/2894"}],"wp:attachment":[{"href":"https:\/\/old.encore-can.com\/fr\/wp-json\/wp\/v2\/media?parent=8433"}],"wp:term":[{"taxonomy":"post_tag","embeddable":true,"href":"https:\/\/old.encore-can.com\/fr\/wp-json\/wp\/v2\/tags?post=8433"}],"curies":[{"name":"wp","href":"https:\/\/api.w.org\/{rel}","templated":true}]}}