{"id":7450,"date":"2020-09-08T01:33:05","date_gmt":"2020-09-08T01:33:05","guid":{"rendered":"https:\/\/staging.encore-can.com\/production\/"},"modified":"2022-07-05T15:59:34","modified_gmt":"2022-07-05T15:59:34","slug":"production","status":"publish","type":"page","link":"https:\/\/old.encore-can.com\/fr\/production\/","title":{"rendered":"Production d&rsquo;\u00e9v\u00e9nements"},"content":{"rendered":"\t\t<div data-elementor-type=\"wp-page\" data-elementor-id=\"7450\" class=\"elementor elementor-7450 elementor-1946\" data-elementor-post-type=\"page\">\n\t\t\t\t\t\t<section class=\"elementor-section elementor-top-section elementor-element elementor-element-6b9ce930 elementor-section-boxed elementor-section-height-default elementor-section-height-default\" data-id=\"6b9ce930\" data-element_type=\"section\">\n\t\t\t\t\t\t<div class=\"elementor-container elementor-column-gap-default\">\n\t\t\t\t\t<div class=\"elementor-column elementor-col-33 elementor-top-column elementor-element elementor-element-58daa7a7\" data-id=\"58daa7a7\" data-element_type=\"column\">\n\t\t\t<div class=\"elementor-widget-wrap\">\n\t\t\t\t\t\t\t<\/div>\n\t\t<\/div>\n\t\t\t\t<div class=\"elementor-column elementor-col-33 elementor-top-column elementor-element elementor-element-63106ddb\" data-id=\"63106ddb\" data-element_type=\"column\">\n\t\t\t<div class=\"elementor-widget-wrap elementor-element-populated\">\n\t\t\t\t\t\t<div class=\"elementor-element elementor-element-51e7cd4a elementor-widget elementor-widget-heading\" data-id=\"51e7cd4a\" data-element_type=\"widget\" data-widget_type=\"heading.default\">\n\t\t\t\t<div class=\"elementor-widget-container\">\n\t\t\t\t\t<h2 class=\"elementor-heading-title elementor-size-default\">Services de production<\/h2>\t\t\t\t<\/div>\n\t\t\t\t<\/div>\n\t\t\t\t<div class=\"elementor-element elementor-element-17c6be1d elementor-widget elementor-widget-text-editor\" data-id=\"17c6be1d\" data-element_type=\"widget\" data-widget_type=\"text-editor.default\">\n\t\t\t\t<div class=\"elementor-widget-container\">\n\t\t\t\t\t\t\t\t\t<p style=\"text-align: left\">En tant que leader de la production d&rsquo;\u00e9v\u00e9nements, il n&rsquo;y a rien que nous n&rsquo;ayons pas vu, et aucun r\u00eave n&rsquo;est hors de port\u00e9e. Nos \u00e9quipes de production sont les meilleures du secteur pour transformer des id\u00e9es en exp\u00e9riences \u00e9v\u00e9nementielles uniques. Vous pouvez donc imaginer un \u00e9v\u00e9nement plus grand que jamais et nous pouvons vous aider \u00e0 pr\u00e9parer le terrain pour y parvenir.<\/p><p style=\"text-align: left\">Chaque aspect de votre \u00e9v\u00e9nement, de la mise en sc\u00e8ne et de l&rsquo;\u00e9clairage jusqu&rsquo;au mat\u00e9riel de vos salles de r\u00e9union, peut \u00eatre adapt\u00e9 \u00e0 vos besoins sp\u00e9cifiques. Qu&rsquo;il s&rsquo;agisse d&rsquo;un \u00e9v\u00e9nement en direct, virtuel ou hybride, Encore s&rsquo;engage \u00e0 vous fournir un \u00e9v\u00e9nement qui engage les participants dans des voies nouvelles et imaginatives.<\/p>\t\t\t\t\t\t\t\t<\/div>\n\t\t\t\t<\/div>\n\t\t\t\t\t<\/div>\n\t\t<\/div>\n\t\t\t\t<div class=\"elementor-column elementor-col-33 elementor-top-column elementor-element elementor-element-3cea5afe\" data-id=\"3cea5afe\" data-element_type=\"column\">\n\t\t\t<div class=\"elementor-widget-wrap\">\n\t\t\t\t\t\t\t<\/div>\n\t\t<\/div>\n\t\t\t\t\t<\/div>\n\t\t<\/section>\n\t\t\t\t<section class=\"elementor-section elementor-top-section elementor-element elementor-element-4c6085e3 elementor-section-stretched elementor-section-boxed elementor-section-height-default elementor-section-height-default\" data-id=\"4c6085e3\" data-element_type=\"section\" data-settings=\"{&quot;stretch_section&quot;:&quot;section-stretched&quot;}\">\n\t\t\t\t\t\t<div class=\"elementor-container elementor-column-gap-default\">\n\t\t\t\t\t<div class=\"elementor-column elementor-col-100 elementor-top-column elementor-element elementor-element-1f605c3\" data-id=\"1f605c3\" data-element_type=\"column\">\n\t\t\t<div class=\"elementor-widget-wrap elementor-element-populated\">\n\t\t\t\t\t\t<section class=\"elementor-section elementor-inner-section elementor-element elementor-element-314e82ba elementor-section-boxed elementor-section-height-default elementor-section-height-default\" data-id=\"314e82ba\" data-element_type=\"section\">\n\t\t\t\t\t\t<div class=\"elementor-container elementor-column-gap-default\">\n\t\t\t\t\t<div class=\"elementor-column elementor-col-50 elementor-inner-column elementor-element elementor-element-76cfdc2e\" data-id=\"76cfdc2e\" data-element_type=\"column\">\n\t\t\t<div class=\"elementor-widget-wrap elementor-element-populated\">\n\t\t\t\t\t\t<div class=\"elementor-element elementor-element-1816ad95 elementor-widget elementor-widget-encore-capabilities\" data-id=\"1816ad95\" data-element_type=\"widget\" data-widget_type=\"encore-capabilities.default\">\n\t\t\t\t<div class=\"elementor-widget-container\">\n\t\t\t\t\t<div class=\"capability-wrapper\">\n\t<div class=\"entry\" style=\"background-image:url(https:\/\/info.encoreglobal.com\/app\/uploads\/sites\/3\/2020\/09\/staging-servies-4.jpg);\">\n\t\t<div class=\"entry-display teal\">\n\t\t\t<div class=\"title\">Services de mise en sc\u00e8ne<\/div>\n            <div class=\"clear\"><\/div>\n\t\t\t<div class=\"link\">\n\t\t\t\t<a href=\"https:\/\/www.encore-can.com\/fr\/staging-services\">En savoir plus<\/a>\n\t\t\t<\/div>\n\t\t<\/div>\n\t<\/div>\n<\/div>\n\t\t\t\t<\/div>\n\t\t\t\t<\/div>\n\t\t\t\t<div class=\"elementor-element elementor-element-5cc28ce3 elementor-widget elementor-widget-encore-capabilities\" data-id=\"5cc28ce3\" data-element_type=\"widget\" data-widget_type=\"encore-capabilities.default\">\n\t\t\t\t<div class=\"elementor-widget-container\">\n\t\t\t\t\t<div class=\"capability-wrapper\">\n\t<div class=\"entry\" style=\"background-image:url(https:\/\/info.encoreglobal.com\/app\/uploads\/sites\/3\/2020\/09\/show-management.jpg);\">\n\t\t<div class=\"entry-display teal\">\n\t\t\t<div class=\"title\">Gestion de l'\u00e9v\u00e9nement<\/div>\n            <div class=\"clear\"><\/div>\n\t\t\t<div class=\"link\">\n\t\t\t\t<a href=\"fr\/show-management\/\">En savoir plus<\/a>\n\t\t\t<\/div>\n\t\t<\/div>\n\t<\/div>\n<\/div>\n\t\t\t\t<\/div>\n\t\t\t\t<\/div>\n\t\t\t\t\t<\/div>\n\t\t<\/div>\n\t\t\t\t<div class=\"elementor-column elementor-col-50 elementor-inner-column elementor-element elementor-element-1432b987\" data-id=\"1432b987\" data-element_type=\"column\">\n\t\t\t<div class=\"elementor-widget-wrap elementor-element-populated\">\n\t\t\t\t\t\t<div class=\"elementor-element elementor-element-4a236df8 elementor-widget elementor-widget-encore-capabilities\" data-id=\"4a236df8\" data-element_type=\"widget\" data-widget_type=\"encore-capabilities.default\">\n\t\t\t\t<div class=\"elementor-widget-container\">\n\t\t\t\t\t<div class=\"capability-wrapper\">\n\t<div class=\"entry\" style=\"background-image:url(https:\/\/info.encoreglobal.com\/app\/uploads\/sites\/3\/2020\/09\/scenic-and-decor-2-1.jpg);\">\n\t\t<div class=\"entry-display green\">\n\t\t\t<div class=\"title\">Sc\u00e8ne et d\u00e9cor<\/div>\n            <div class=\"clear\"><\/div>\n\t\t\t<div class=\"link\">\n\t\t\t\t<a href=\"fr\/scenic-and-decor-solutions\/\">En savoir plus<\/a>\n\t\t\t<\/div>\n\t\t<\/div>\n\t<\/div>\n<\/div>\n\t\t\t\t<\/div>\n\t\t\t\t<\/div>\n\t\t\t\t<div class=\"elementor-element elementor-element-559e980b elementor-widget elementor-widget-encore-capabilities\" data-id=\"559e980b\" data-element_type=\"widget\" data-widget_type=\"encore-capabilities.default\">\n\t\t\t\t<div class=\"elementor-widget-container\">\n\t\t\t\t\t<div class=\"capability-wrapper\">\n\t<div class=\"entry\" style=\"background-image:url(https:\/\/info.encoreglobal.com\/app\/uploads\/sites\/3\/2020\/09\/Hawthorn_twobytwo_CEF_Live_2019_0104-1.jpg);\">\n\t\t<div class=\"entry-display green\">\n\t\t\t<div class=\"title\">Convention et services d'exposition<\/div>\n            <div class=\"clear\"><\/div>\n\t\t\t<div class=\"link\">\n\t\t\t\t<a href=\"fr\/convention-and-exhibit-services\/\">En savoir plus<\/a>\n\t\t\t<\/div>\n\t\t<\/div>\n\t<\/div>\n<\/div>\n\t\t\t\t<\/div>\n\t\t\t\t<\/div>\n\t\t\t\t\t<\/div>\n\t\t<\/div>\n\t\t\t\t\t<\/div>\n\t\t<\/section>\n\t\t\t\t\t<\/div>\n\t\t<\/div>\n\t\t\t\t\t<\/div>\n\t\t<\/section>\n\t\t\t\t<section class=\"elementor-section elementor-top-section elementor-element elementor-element-279aaf96 elementor-section-boxed elementor-section-height-default elementor-section-height-default\" data-id=\"279aaf96\" data-element_type=\"section\">\n\t\t\t\t\t\t<div class=\"elementor-container elementor-column-gap-default\">\n\t\t\t\t\t<div class=\"elementor-column elementor-col-100 elementor-top-column elementor-element elementor-element-7006c59a\" data-id=\"7006c59a\" data-element_type=\"column\">\n\t\t\t<div class=\"elementor-widget-wrap elementor-element-populated\">\n\t\t\t\t\t\t<div class=\"elementor-element elementor-element-271cb73c elementor-widget elementor-widget-spacer\" data-id=\"271cb73c\" data-element_type=\"widget\" data-widget_type=\"spacer.default\">\n\t\t\t\t<div class=\"elementor-widget-container\">\n\t\t\t\t\t\t\t<div class=\"elementor-spacer\">\n\t\t\t<div class=\"elementor-spacer-inner\"><\/div>\n\t\t<\/div>\n\t\t\t\t\t\t<\/div>\n\t\t\t\t<\/div>\n\t\t\t\t\t<\/div>\n\t\t<\/div>\n\t\t\t\t\t<\/div>\n\t\t<\/section>\n\t\t\t\t<section class=\"elementor-section elementor-top-section elementor-element elementor-element-2bb1d418 elementor-section-boxed elementor-section-height-default elementor-section-height-default\" data-id=\"2bb1d418\" data-element_type=\"section\">\n\t\t\t\t\t\t<div class=\"elementor-container elementor-column-gap-default\">\n\t\t\t\t\t<div class=\"elementor-column elementor-col-100 elementor-top-column elementor-element elementor-element-1f5106cc\" data-id=\"1f5106cc\" data-element_type=\"column\">\n\t\t\t<div class=\"elementor-widget-wrap elementor-element-populated\">\n\t\t\t\t\t\t<div class=\"elementor-element elementor-element-6861dffc elementor-widget elementor-widget-spacer\" data-id=\"6861dffc\" data-element_type=\"widget\" data-widget_type=\"spacer.default\">\n\t\t\t\t<div class=\"elementor-widget-container\">\n\t\t\t\t\t\t\t<div class=\"elementor-spacer\">\n\t\t\t<div class=\"elementor-spacer-inner\"><\/div>\n\t\t<\/div>\n\t\t\t\t\t\t<\/div>\n\t\t\t\t<\/div>\n\t\t\t\t\t<\/div>\n\t\t<\/div>\n\t\t\t\t\t<\/div>\n\t\t<\/section>\n\t\t\t\t<section class=\"elementor-section elementor-top-section elementor-element elementor-element-6469876e elementor-section-stretched elementor-section-boxed elementor-section-height-default elementor-section-height-default\" data-id=\"6469876e\" data-element_type=\"section\" data-settings=\"{&quot;stretch_section&quot;:&quot;section-stretched&quot;,&quot;background_background&quot;:&quot;slideshow&quot;,&quot;background_slideshow_gallery&quot;:[{&quot;id&quot;:&quot;2538&quot;,&quot;url&quot;:&quot;https:\\\/\\\/www.encoreglobal.com\\\/app\\\/uploads\\\/sites\\\/3\\\/2020\\\/09\\\/Global-locator-option-scaled-1.jpg&quot;}],&quot;background_slideshow_loop&quot;:&quot;yes&quot;,&quot;background_slideshow_slide_duration&quot;:5000,&quot;background_slideshow_slide_transition&quot;:&quot;fade&quot;,&quot;background_slideshow_transition_duration&quot;:500}\">\n\t\t\t\t\t\t\t<div class=\"elementor-background-overlay\"><\/div>\n\t\t\t\t\t\t\t<div class=\"elementor-container elementor-column-gap-default\">\n\t\t\t\t\t<div class=\"elementor-column elementor-col-50 elementor-top-column elementor-element elementor-element-2dad9984\" data-id=\"2dad9984\" data-element_type=\"column\">\n\t\t\t<div class=\"elementor-widget-wrap elementor-element-populated\">\n\t\t\t\t\t\t<div class=\"elementor-element elementor-element-5009f457 elementor-widget elementor-widget-text-editor\" data-id=\"5009f457\" data-element_type=\"widget\" data-widget_type=\"text-editor.default\">\n\t\t\t\t<div class=\"elementor-widget-container\">\n\t\t\t\t\t\t\t\t\t<h2>Localisateur mondial<\/h2><p>Pour contacter un lieu d&rsquo;Encore, veuillez consulter notre page de localisation mondiale. Filtrez par type de lieu, pays, ville et par marque de lieu. Les membres qualifi\u00e9s de notre \u00e9quipe vous guideront vers les solutions les mieux adapt\u00e9es \u00e0 votre type d&rsquo;\u00e9v\u00e9nement.<\/p>\t\t\t\t\t\t\t\t<\/div>\n\t\t\t\t<\/div>\n\t\t\t\t\t<\/div>\n\t\t<\/div>\n\t\t\t\t<div class=\"elementor-column elementor-col-50 elementor-top-column elementor-element elementor-element-60bf9196\" data-id=\"60bf9196\" data-element_type=\"column\">\n\t\t\t<div class=\"elementor-widget-wrap\">\n\t\t\t\t\t\t\t<\/div>\n\t\t<\/div>\n\t\t\t\t\t<\/div>\n\t\t<\/section>\n\t\t\t\t<section class=\"elementor-section elementor-top-section elementor-element elementor-element-2be00a1c elementor-section-boxed elementor-section-height-default elementor-section-height-default\" data-id=\"2be00a1c\" data-element_type=\"section\">\n\t\t\t\t\t\t<div class=\"elementor-container elementor-column-gap-default\">\n\t\t\t\t\t<div class=\"elementor-column elementor-col-100 elementor-top-column elementor-element elementor-element-48f7a426\" data-id=\"48f7a426\" data-element_type=\"column\">\n\t\t\t<div class=\"elementor-widget-wrap elementor-element-populated\">\n\t\t\t\t\t\t<div class=\"elementor-element elementor-element-ec48441 elementor-widget elementor-widget-heading\" data-id=\"ec48441\" data-element_type=\"widget\" data-widget_type=\"heading.default\">\n\t\t\t\t<div class=\"elementor-widget-container\">\n\t\t\t\t\t<h2 class=\"elementor-heading-title elementor-size-default\">Parlons de vos besoins en mati\u00e8re d'exp\u00e9rience \u00e9v\u00e9nementielle.<\/h2>\t\t\t\t<\/div>\n\t\t\t\t<\/div>\n\t\t\t\t<div class=\"elementor-element elementor-element-4c9a54c elementor-widget elementor-widget-text-editor\" data-id=\"4c9a54c\" data-element_type=\"widget\" data-widget_type=\"text-editor.default\">\n\t\t\t\t<div class=\"elementor-widget-container\">\n\t\t\t\t\t\t\t\t\t<h3>Appelez-nous au (80) 868-6886 ou remplissez le formulaire ci-dessous pour commencer !<\/h3><p><span class=\"nanospell-typo\">Pour contacter un lieu sp\u00e9cifique, veuillez proc\u00e9der via <strong><a href=\"https:\/\/staging.encoreglobal.com\/global-locator\/\">Global Locator<\/a><\/strong>. Cela vous permettra de prendre contact avec l&rsquo;\u00e9quipe du site pour vous aider \u00e0 vivre votre exp\u00e9rience de l&rsquo;\u00e9v\u00e9nement.<br \/><\/span><\/p><p><span class=\"nanospell-typo\">Pour les demandes de renseignements g\u00e9n\u00e9raux sur l&rsquo;\u00e9v\u00e9nement, veuillez continuer \u00e0 remplir le formulaire.<\/span><\/p>\t\t\t\t\t\t\t\t<\/div>\n\t\t\t\t<\/div>\n\t\t\t\t\t<\/div>\n\t\t<\/div>\n\t\t\t\t\t<\/div>\n\t\t<\/section>\n\t\t\t\t<section class=\"elementor-section elementor-top-section elementor-element elementor-element-643b49a9 elementor-section-boxed elementor-section-height-default elementor-section-height-default\" data-id=\"643b49a9\" data-element_type=\"section\">\n\t\t\t\t\t\t<div class=\"elementor-container elementor-column-gap-default\">\n\t\t\t\t\t<div class=\"elementor-column elementor-col-100 elementor-top-column elementor-element elementor-element-fbd9893\" data-id=\"fbd9893\" data-element_type=\"column\">\n\t\t\t<div class=\"elementor-widget-wrap elementor-element-populated\">\n\t\t\t\t\t\t<div class=\"elementor-element elementor-element-4346e67c elementor-widget elementor-widget-text-editor\" data-id=\"4346e67c\" data-element_type=\"widget\" data-widget_type=\"text-editor.default\">\n\t\t\t\t<div class=\"elementor-widget-container\">\n\t\t\t\t\t\t\t\t\t<script src=\"\/\/app-sj32.marketo.com\/js\/forms2\/js\/forms2.min.js\"><\/script>\n<form id=\"mktoForm_1355\"><\/form>\n<script>MktoForms2.loadForm(\"\/\/app-sj32.marketo.com\", \"920-VLN-838\", 1355);<\/script>\t\t\t\t\t\t\t\t<\/div>\n\t\t\t\t<\/div>\n\t\t\t\t\t<\/div>\n\t\t<\/div>\n\t\t\t\t\t<\/div>\n\t\t<\/section>\n\t\t\t\t<\/div>\n\t\t","protected":false},"excerpt":{"rendered":"<p>Services de production En tant que leader de la production d&rsquo;\u00e9v\u00e9nements, il n&rsquo;y a rien que nous n&rsquo;ayons pas vu, et aucun r\u00eave n&rsquo;est hors de port\u00e9e. Nos \u00e9quipes de production sont les meilleures du secteur pour transformer des id\u00e9es en exp\u00e9riences \u00e9v\u00e9nementielles uniques. Vous pouvez donc imaginer un \u00e9v\u00e9nement plus grand que jamais et &#8230; <a href=\"https:\/\/old.encore-can.com\/fr\/production\/\">En savoir plus<\/a><\/p>\n","protected":false},"author":1,"featured_media":2717,"parent":0,"menu_order":0,"comment_status":"closed","ping_status":"closed","template":"","meta":{"footnotes":""},"tags":[],"class_list":["post-7450","page","type-page","status-publish","has-post-thumbnail","hentry"],"yoast_head":"<!-- This site is optimized with the Yoast SEO Premium plugin v25.4 (Yoast SEO v25.4) - https:\/\/yoast.com\/wordpress\/plugins\/seo\/ -->\n<title>Production d&#039;\u00e9v\u00e9nements | Prod. audiovisuelle | Encore Canada<\/title>\n<meta name=\"description\" content=\"Des services audiovisuels aux services de mise en sc\u00e8ne et de congr\u00e8s, engagez les planificateurs d&#039;\u00e9v\u00e9nements professionnels d&#039;Encore pour des \u00e9v\u00e9nements m\u00e9morables \u00e0 distance ou en direct.\" \/>\n<meta name=\"robots\" content=\"noindex, follow, max-snippet:-1, max-image-preview:large, max-video-preview:-1\" \/>\n<meta property=\"og:locale\" content=\"fr_CA\" \/>\n<meta property=\"og:type\" content=\"article\" \/>\n<meta property=\"og:title\" content=\"Production d&#039;\u00e9v\u00e9nements\" \/>\n<meta property=\"og:description\" content=\"Des services audiovisuels aux services de mise en sc\u00e8ne et de congr\u00e8s, engagez les planificateurs d&#039;\u00e9v\u00e9nements professionnels d&#039;Encore pour des \u00e9v\u00e9nements m\u00e9morables \u00e0 distance ou en direct.\" \/>\n<meta property=\"og:url\" content=\"https:\/\/old.encore-can.com\/fr\/production\/\" \/>\n<meta property=\"og:site_name\" content=\"Encore Canada\" \/>\n<meta property=\"article:modified_time\" content=\"2022-07-05T15:59:34+00:00\" \/>\n<meta property=\"og:image\" content=\"https:\/\/cdn.encoreglobal.com\/wp-content\/uploads\/sites\/3\/2020\/09\/29193747\/event-audio-visual.jpg\" \/>\n\t<meta property=\"og:image:width\" content=\"2560\" \/>\n\t<meta property=\"og:image:height\" content=\"1333\" \/>\n\t<meta property=\"og:image:type\" content=\"image\/jpeg\" \/>\n<meta name=\"twitter:card\" content=\"summary_large_image\" \/>\n<meta name=\"twitter:label1\" content=\"Estimation du temps de lecture\" \/>\n\t<meta name=\"twitter:data1\" content=\"2 minutes\" \/>\n<script type=\"application\/ld+json\" class=\"yoast-schema-graph\">{\"@context\":\"https:\/\/schema.org\",\"@graph\":[{\"@type\":\"WebPage\",\"@id\":\"https:\/\/old.encore-can.com\/fr\/production\/\",\"url\":\"https:\/\/old.encore-can.com\/fr\/production\/\",\"name\":\"Production d'\u00e9v\u00e9nements | Prod. audiovisuelle | Encore Canada\",\"isPartOf\":{\"@id\":\"https:\/\/old.encore-can.com\/#website\"},\"primaryImageOfPage\":{\"@id\":\"https:\/\/old.encore-can.com\/fr\/production\/#primaryimage\"},\"image\":{\"@id\":\"https:\/\/old.encore-can.com\/fr\/production\/#primaryimage\"},\"thumbnailUrl\":\"https:\/\/cdn.encoreglobal.com\/wp-content\/uploads\/sites\/3\/2020\/09\/29193747\/event-audio-visual.jpg\",\"datePublished\":\"2020-09-08T01:33:05+00:00\",\"dateModified\":\"2022-07-05T15:59:34+00:00\",\"description\":\"Des services audiovisuels aux services de mise en sc\u00e8ne et de congr\u00e8s, engagez les planificateurs d'\u00e9v\u00e9nements professionnels d'Encore pour des \u00e9v\u00e9nements m\u00e9morables \u00e0 distance ou en direct.\",\"breadcrumb\":{\"@id\":\"https:\/\/old.encore-can.com\/fr\/production\/#breadcrumb\"},\"inLanguage\":\"fr-CA\",\"potentialAction\":[{\"@type\":\"ReadAction\",\"target\":[\"https:\/\/old.encore-can.com\/fr\/production\/\"]}]},{\"@type\":\"ImageObject\",\"inLanguage\":\"fr-CA\",\"@id\":\"https:\/\/old.encore-can.com\/fr\/production\/#primaryimage\",\"url\":\"https:\/\/cdn.encoreglobal.com\/wp-content\/uploads\/sites\/3\/2020\/09\/29193747\/event-audio-visual.jpg\",\"contentUrl\":\"https:\/\/cdn.encoreglobal.com\/wp-content\/uploads\/sites\/3\/2020\/09\/29193747\/event-audio-visual.jpg\",\"width\":2560,\"height\":1333},{\"@type\":\"BreadcrumbList\",\"@id\":\"https:\/\/old.encore-can.com\/fr\/production\/#breadcrumb\",\"itemListElement\":[{\"@type\":\"ListItem\",\"position\":1,\"name\":\"Home\",\"item\":\"https:\/\/old.encore-can.com\/fr\/\"},{\"@type\":\"ListItem\",\"position\":2,\"name\":\"Production d&rsquo;\u00e9v\u00e9nements\"}]},{\"@type\":\"WebSite\",\"@id\":\"https:\/\/old.encore-can.com\/#website\",\"url\":\"https:\/\/old.encore-can.com\/\",\"name\":\"Encore Canada\",\"description\":\"Events That Transform\",\"publisher\":{\"@id\":\"https:\/\/old.encore-can.com\/#organization\"},\"potentialAction\":[{\"@type\":\"SearchAction\",\"target\":{\"@type\":\"EntryPoint\",\"urlTemplate\":\"https:\/\/old.encore-can.com\/?s={search_term_string}\"},\"query-input\":{\"@type\":\"PropertyValueSpecification\",\"valueRequired\":true,\"valueName\":\"search_term_string\"}}],\"inLanguage\":\"fr-CA\"},{\"@type\":\"Organization\",\"@id\":\"https:\/\/old.encore-can.com\/#organization\",\"name\":\"Encore Canada\",\"url\":\"https:\/\/old.encore-can.com\/\",\"logo\":{\"@type\":\"ImageObject\",\"inLanguage\":\"fr-CA\",\"@id\":\"https:\/\/old.encore-can.com\/#\/schema\/logo\/image\/\",\"url\":\"https:\/\/cdn.encoreglobal.com\/wp-content\/uploads\/sites\/3\/2021\/11\/12165255\/encore-logo.png\",\"contentUrl\":\"https:\/\/cdn.encoreglobal.com\/wp-content\/uploads\/sites\/3\/2021\/11\/12165255\/encore-logo.png\",\"width\":708,\"height\":395,\"caption\":\"Encore Canada\"},\"image\":{\"@id\":\"https:\/\/old.encore-can.com\/#\/schema\/logo\/image\/\"}}]}<\/script>\n<!-- \/ Yoast SEO Premium plugin. -->","yoast_head_json":{"title":"Production d'\u00e9v\u00e9nements | Prod. audiovisuelle | Encore Canada","description":"Des services audiovisuels aux services de mise en sc\u00e8ne et de congr\u00e8s, engagez les planificateurs d'\u00e9v\u00e9nements professionnels d'Encore pour des \u00e9v\u00e9nements m\u00e9morables \u00e0 distance ou en direct.","robots":{"index":"noindex","follow":"follow","max-snippet":"max-snippet:-1","max-image-preview":"max-image-preview:large","max-video-preview":"max-video-preview:-1"},"og_locale":"fr_CA","og_type":"article","og_title":"Production d'\u00e9v\u00e9nements","og_description":"Des services audiovisuels aux services de mise en sc\u00e8ne et de congr\u00e8s, engagez les planificateurs d'\u00e9v\u00e9nements professionnels d'Encore pour des \u00e9v\u00e9nements m\u00e9morables \u00e0 distance ou en direct.","og_url":"https:\/\/old.encore-can.com\/fr\/production\/","og_site_name":"Encore Canada","article_modified_time":"2022-07-05T15:59:34+00:00","og_image":[{"width":2560,"height":1333,"url":"https:\/\/cdn.encoreglobal.com\/wp-content\/uploads\/sites\/3\/2020\/09\/29193747\/event-audio-visual.jpg","type":"image\/jpeg"}],"twitter_card":"summary_large_image","twitter_misc":{"Estimation du temps de lecture":"2 minutes"},"schema":{"@context":"https:\/\/schema.org","@graph":[{"@type":"WebPage","@id":"https:\/\/old.encore-can.com\/fr\/production\/","url":"https:\/\/old.encore-can.com\/fr\/production\/","name":"Production d'\u00e9v\u00e9nements | Prod. audiovisuelle | Encore Canada","isPartOf":{"@id":"https:\/\/old.encore-can.com\/#website"},"primaryImageOfPage":{"@id":"https:\/\/old.encore-can.com\/fr\/production\/#primaryimage"},"image":{"@id":"https:\/\/old.encore-can.com\/fr\/production\/#primaryimage"},"thumbnailUrl":"https:\/\/cdn.encoreglobal.com\/wp-content\/uploads\/sites\/3\/2020\/09\/29193747\/event-audio-visual.jpg","datePublished":"2020-09-08T01:33:05+00:00","dateModified":"2022-07-05T15:59:34+00:00","description":"Des services audiovisuels aux services de mise en sc\u00e8ne et de congr\u00e8s, engagez les planificateurs d'\u00e9v\u00e9nements professionnels d'Encore pour des \u00e9v\u00e9nements m\u00e9morables \u00e0 distance ou en direct.","breadcrumb":{"@id":"https:\/\/old.encore-can.com\/fr\/production\/#breadcrumb"},"inLanguage":"fr-CA","potentialAction":[{"@type":"ReadAction","target":["https:\/\/old.encore-can.com\/fr\/production\/"]}]},{"@type":"ImageObject","inLanguage":"fr-CA","@id":"https:\/\/old.encore-can.com\/fr\/production\/#primaryimage","url":"https:\/\/cdn.encoreglobal.com\/wp-content\/uploads\/sites\/3\/2020\/09\/29193747\/event-audio-visual.jpg","contentUrl":"https:\/\/cdn.encoreglobal.com\/wp-content\/uploads\/sites\/3\/2020\/09\/29193747\/event-audio-visual.jpg","width":2560,"height":1333},{"@type":"BreadcrumbList","@id":"https:\/\/old.encore-can.com\/fr\/production\/#breadcrumb","itemListElement":[{"@type":"ListItem","position":1,"name":"Home","item":"https:\/\/old.encore-can.com\/fr\/"},{"@type":"ListItem","position":2,"name":"Production d&rsquo;\u00e9v\u00e9nements"}]},{"@type":"WebSite","@id":"https:\/\/old.encore-can.com\/#website","url":"https:\/\/old.encore-can.com\/","name":"Encore Canada","description":"Events That Transform","publisher":{"@id":"https:\/\/old.encore-can.com\/#organization"},"potentialAction":[{"@type":"SearchAction","target":{"@type":"EntryPoint","urlTemplate":"https:\/\/old.encore-can.com\/?s={search_term_string}"},"query-input":{"@type":"PropertyValueSpecification","valueRequired":true,"valueName":"search_term_string"}}],"inLanguage":"fr-CA"},{"@type":"Organization","@id":"https:\/\/old.encore-can.com\/#organization","name":"Encore Canada","url":"https:\/\/old.encore-can.com\/","logo":{"@type":"ImageObject","inLanguage":"fr-CA","@id":"https:\/\/old.encore-can.com\/#\/schema\/logo\/image\/","url":"https:\/\/cdn.encoreglobal.com\/wp-content\/uploads\/sites\/3\/2021\/11\/12165255\/encore-logo.png","contentUrl":"https:\/\/cdn.encoreglobal.com\/wp-content\/uploads\/sites\/3\/2021\/11\/12165255\/encore-logo.png","width":708,"height":395,"caption":"Encore Canada"},"image":{"@id":"https:\/\/old.encore-can.com\/#\/schema\/logo\/image\/"}}]}},"_links":{"self":[{"href":"https:\/\/old.encore-can.com\/fr\/wp-json\/wp\/v2\/pages\/7450","targetHints":{"allow":["GET"]}}],"collection":[{"href":"https:\/\/old.encore-can.com\/fr\/wp-json\/wp\/v2\/pages"}],"about":[{"href":"https:\/\/old.encore-can.com\/fr\/wp-json\/wp\/v2\/types\/page"}],"author":[{"embeddable":true,"href":"https:\/\/old.encore-can.com\/fr\/wp-json\/wp\/v2\/users\/1"}],"replies":[{"embeddable":true,"href":"https:\/\/old.encore-can.com\/fr\/wp-json\/wp\/v2\/comments?post=7450"}],"version-history":[{"count":0,"href":"https:\/\/old.encore-can.com\/fr\/wp-json\/wp\/v2\/pages\/7450\/revisions"}],"wp:featuredmedia":[{"embeddable":true,"href":"https:\/\/old.encore-can.com\/fr\/wp-json\/wp\/v2\/media\/2717"}],"wp:attachment":[{"href":"https:\/\/old.encore-can.com\/fr\/wp-json\/wp\/v2\/media?parent=7450"}],"wp:term":[{"taxonomy":"post_tag","embeddable":true,"href":"https:\/\/old.encore-can.com\/fr\/wp-json\/wp\/v2\/tags?post=7450"}],"curies":[{"name":"wp","href":"https:\/\/api.w.org\/{rel}","templated":true}]}}