{"id":25192,"date":"2021-08-11T15:08:39","date_gmt":"2021-08-11T15:08:39","guid":{"rendered":"https:\/\/www.encore-can.com\/planner-pulse\/"},"modified":"2022-04-12T19:56:13","modified_gmt":"2022-04-12T19:56:13","slug":"planner-pulse","status":"publish","type":"page","link":"https:\/\/old.encore-can.com\/fr\/planner-pulse\/","title":{"rendered":"Le pouls des planificateurs"},"content":{"rendered":"\t\t<div data-elementor-type=\"wp-page\" data-elementor-id=\"25192\" class=\"elementor elementor-25192 elementor-25188\" data-elementor-post-type=\"page\">\n\t\t\t\t\t\t<section class=\"elementor-section elementor-top-section elementor-element elementor-element-1d0a921e elementor-section-boxed elementor-section-height-default elementor-section-height-default\" data-id=\"1d0a921e\" data-element_type=\"section\">\n\t\t\t\t\t\t<div class=\"elementor-container elementor-column-gap-default\">\n\t\t\t\t\t<div class=\"elementor-column elementor-col-100 elementor-top-column elementor-element elementor-element-1bb40524\" data-id=\"1bb40524\" data-element_type=\"column\">\n\t\t\t<div class=\"elementor-widget-wrap elementor-element-populated\">\n\t\t\t\t\t\t<div class=\"elementor-element elementor-element-425f69fd elementor-widget elementor-widget-text-editor\" data-id=\"425f69fd\" data-element_type=\"widget\" data-widget_type=\"text-editor.default\">\n\t\t\t\t<div class=\"elementor-widget-container\">\n\t\t\t\t\t\t\t\t\t<h2 style=\"text-align: left\">Les derni\u00e8res nouvelles des professionnels de l&rsquo;\u00e9v\u00e9nementiel<\/h2>\t\t\t\t\t\t\t\t<\/div>\n\t\t\t\t<\/div>\n\t\t\t\t\t<\/div>\n\t\t<\/div>\n\t\t\t\t\t<\/div>\n\t\t<\/section>\n\t\t\t\t<section class=\"elementor-section elementor-top-section elementor-element elementor-element-5368f21d elementor-section-stretched elementor-section-boxed elementor-section-height-default elementor-section-height-default\" data-id=\"5368f21d\" data-element_type=\"section\" data-settings=\"{&quot;stretch_section&quot;:&quot;section-stretched&quot;}\">\n\t\t\t\t\t\t<div class=\"elementor-container elementor-column-gap-default\">\n\t\t\t\t\t<div class=\"elementor-column elementor-col-100 elementor-top-column elementor-element elementor-element-1a19163\" data-id=\"1a19163\" data-element_type=\"column\">\n\t\t\t<div class=\"elementor-widget-wrap elementor-element-populated\">\n\t\t\t\t\t\t<div class=\"elementor-element elementor-element-b364981 elementor-widget elementor-widget-text-editor\" data-id=\"b364981\" data-element_type=\"widget\" data-widget_type=\"text-editor.default\">\n\t\t\t\t<div class=\"elementor-widget-container\">\n\t\t\t\t\t\t\t\t\tCe n&rsquo;est un secret pour personne que l&rsquo;arriv\u00e9e de la variante Omicron a cr\u00e9\u00e9 des d\u00e9fis pour les professionnels de l&rsquo;organisation d&rsquo;\u00e9v\u00e9nements au cours des deux derniers mois. En cons\u00e9quence, une question tr\u00e8s importante se pose \u00e0 tous les planificateurs : Quand les r\u00e9unions et le secteur de l&rsquo;\u00e9v\u00e9nementiel rebondiront-ils compl\u00e8tement ?\t\t\t\t\t\t\t\t<\/div>\n\t\t\t\t<\/div>\n\t\t\t\t<div class=\"elementor-element elementor-element-10bd2d9f elementor-widget elementor-widget-spacer\" data-id=\"10bd2d9f\" data-element_type=\"widget\" data-widget_type=\"spacer.default\">\n\t\t\t\t<div class=\"elementor-widget-container\">\n\t\t\t\t\t\t\t<div class=\"elementor-spacer\">\n\t\t\t<div class=\"elementor-spacer-inner\"><\/div>\n\t\t<\/div>\n\t\t\t\t\t\t<\/div>\n\t\t\t\t<\/div>\n\t\t\t\t\t<\/div>\n\t\t<\/div>\n\t\t\t\t\t<\/div>\n\t\t<\/section>\n\t\t\t\t<section class=\"elementor-section elementor-top-section elementor-element elementor-element-5ade3968 elementor-section-stretched elementor-section-boxed elementor-section-height-default elementor-section-height-default\" data-id=\"5ade3968\" data-element_type=\"section\" data-settings=\"{&quot;stretch_section&quot;:&quot;section-stretched&quot;}\">\n\t\t\t\t\t\t<div class=\"elementor-container elementor-column-gap-default\">\n\t\t\t\t\t<div class=\"elementor-column elementor-col-66 elementor-top-column elementor-element elementor-element-1b77642d\" data-id=\"1b77642d\" data-element_type=\"column\" data-settings=\"{&quot;background_background&quot;:&quot;classic&quot;}\">\n\t\t\t<div class=\"elementor-widget-wrap elementor-element-populated\">\n\t\t\t\t\t\t<div class=\"elementor-element elementor-element-6740d109 elementor-widget elementor-widget-text-editor\" data-id=\"6740d109\" data-element_type=\"widget\" data-widget_type=\"text-editor.default\">\n\t\t\t\t<div class=\"elementor-widget-container\">\n\t\t\t\t\t\t\t\t\t<p style=\"text-align: left\">Pour mieux comprendre comment le secteur s&rsquo;en sort avec ces changements, Encore a interrog\u00e9 des professionnels de l&rsquo;organisation d&rsquo;\u00e9v\u00e9nements au d\u00e9but du mois de d\u00e9cembre 2021 et a cr\u00e9\u00e9 un rapport condens\u00e9 de nos principales conclusions, notamment:<\/p>\t\t\t\t\t\t\t\t<\/div>\n\t\t\t\t<\/div>\n\t\t\t\t<div class=\"elementor-element elementor-element-54d6a03a elementor-widget elementor-widget-text-editor\" data-id=\"54d6a03a\" data-element_type=\"widget\" data-widget_type=\"text-editor.default\">\n\t\t\t\t<div class=\"elementor-widget-container\">\n\t\t\t\t\t\t\t\t\t<ul style=\"color: #00bfde\">\n \t<li style=\"list-style-type: none\">\n<ul>\n \t<li style=\"list-style-type: none\">\n<ul>\n \t<li><span style=\"color: #1a1444\">Pr\u00e9dictions concernant les \u00e9v\u00e9nements en personne au cours des six prochains mois\n<\/span><\/li>\n \t<li><span style=\"color: #1a1444\">Meilleures pratiques pour assurer la sant\u00e9 et la s\u00e9curit\u00e9\n<\/span><\/li>\n \t<li><span style=\"color: #1a1444\">Les nouvelles tendances technologiques pour les \u00e9v\u00e9nements hybrides et virtuels\n<\/span><\/li>\n \t<li><span style=\"color: #1a1444\">Et bien plus encore!<\/span><\/li>\n \t\n<\/ul>\n<\/li>\n<\/ul>\n<\/li>\n<\/ul>\t\t\t\t\t\t\t\t<\/div>\n\t\t\t\t<\/div>\n\t\t\t\t<div class=\"elementor-element elementor-element-d918a7b elementor-widget elementor-widget-text-editor\" data-id=\"d918a7b\" data-element_type=\"widget\" data-widget_type=\"text-editor.default\">\n\t\t\t\t<div class=\"elementor-widget-container\">\n\t\t\t\t\t\t\t\t\t<p style=\"text-align: left\">T\u00e9l\u00e9chargez votre copie num\u00e9rique gratuite du rapport d&rsquo;impulsion du planificateur Encore pour l&rsquo;hiver 2021\/2022 afin de rester au courant de tous les derniers d\u00e9tails.<\/p>\t\t\t\t\t\t\t\t<\/div>\n\t\t\t\t<\/div>\n\t\t\t\t\t<\/div>\n\t\t<\/div>\n\t\t\t\t<div class=\"elementor-column elementor-col-33 elementor-top-column elementor-element elementor-element-6fd5b117\" data-id=\"6fd5b117\" data-element_type=\"column\" data-settings=\"{&quot;background_background&quot;:&quot;gradient&quot;}\">\n\t\t\t<div class=\"elementor-widget-wrap elementor-element-populated\">\n\t\t\t\t\t\t<div class=\"elementor-element elementor-element-59c3c026 elementor-widget elementor-widget-text-editor\" data-id=\"59c3c026\" data-element_type=\"widget\" data-widget_type=\"text-editor.default\">\n\t\t\t\t<div class=\"elementor-widget-container\">\n\t\t\t\t\t\t\t\t\t<h5 style=\"text-align: center\"><span style=\"color: #ffffff\">T\u00e9l\u00e9chargez le Planner Pulse &amp; l&rsquo;infographie pour en savoir plus<\/span><\/h5>\t\t\t\t\t\t\t\t<\/div>\n\t\t\t\t<\/div>\n\t\t\t\t<div class=\"elementor-element elementor-element-97a06f7 elementor-widget elementor-widget-text-editor\" data-id=\"97a06f7\" data-element_type=\"widget\" data-widget_type=\"text-editor.default\">\n\t\t\t\t<div class=\"elementor-widget-container\">\n\t\t\t\t\t\t\t\t\t<script src=\"\/\/info.encoreglobal.com\/js\/forms2\/js\/forms2.min.js\"><\/script> <form id=\"mktoForm_2354\"><\/form> <script>MktoForms2.loadForm(\"\/\/info.encoreglobal.com\", \"920-VLN-838\", 2354);<\/script>\t\t\t\t\t\t\t\t<\/div>\n\t\t\t\t<\/div>\n\t\t\t\t\t<\/div>\n\t\t<\/div>\n\t\t\t\t\t<\/div>\n\t\t<\/section>\n\t\t\t\t<\/div>\n\t\t","protected":false},"excerpt":{"rendered":"<p>Les derni\u00e8res nouvelles des professionnels de l&rsquo;\u00e9v\u00e9nementiel Ce n&rsquo;est un secret pour personne que l&rsquo;arriv\u00e9e de la variante Omicron a cr\u00e9\u00e9 des d\u00e9fis pour les professionnels de l&rsquo;organisation d&rsquo;\u00e9v\u00e9nements au cours des deux derniers mois. En cons\u00e9quence, une question tr\u00e8s importante se pose \u00e0 tous les planificateurs : Quand les r\u00e9unions et le secteur de &#8230; <a href=\"https:\/\/old.encore-can.com\/fr\/planner-pulse\/\">En savoir plus<\/a><\/p>\n","protected":false},"author":29,"featured_media":0,"parent":0,"menu_order":0,"comment_status":"closed","ping_status":"closed","template":"","meta":{"footnotes":""},"tags":[],"class_list":["post-25192","page","type-page","status-publish","hentry"],"yoast_head":"<!-- This site is optimized with the Yoast SEO Premium plugin v25.4 (Yoast SEO v25.4) - https:\/\/yoast.com\/wordpress\/plugins\/seo\/ -->\n<title>Le pouls des planificateurs - Encore Canada<\/title>\n<meta name=\"robots\" content=\"noindex, follow, max-snippet:-1, max-image-preview:large, max-video-preview:-1\" \/>\n<meta property=\"og:locale\" content=\"fr_CA\" \/>\n<meta property=\"og:type\" content=\"article\" \/>\n<meta property=\"og:title\" content=\"Le pouls des planificateurs\" \/>\n<meta property=\"og:description\" content=\"Les derni\u00e8res nouvelles des professionnels de l&rsquo;\u00e9v\u00e9nementiel Ce n&rsquo;est un secret pour personne que l&rsquo;arriv\u00e9e de la variante Omicron a cr\u00e9\u00e9 des d\u00e9fis pour les professionnels de l&rsquo;organisation d&rsquo;\u00e9v\u00e9nements au cours des deux derniers mois. En cons\u00e9quence, une question tr\u00e8s importante se pose \u00e0 tous les planificateurs : Quand les r\u00e9unions et le secteur de ... En savoir plus\" \/>\n<meta property=\"og:url\" content=\"https:\/\/old.encore-can.com\/fr\/planner-pulse\/\" \/>\n<meta property=\"og:site_name\" content=\"Encore Canada\" \/>\n<meta property=\"article:modified_time\" content=\"2022-04-12T19:56:13+00:00\" \/>\n<meta name=\"twitter:card\" content=\"summary_large_image\" \/>\n<meta name=\"twitter:label1\" content=\"Estimation du temps de lecture\" \/>\n\t<meta name=\"twitter:data1\" content=\"1 minute\" \/>\n<script type=\"application\/ld+json\" class=\"yoast-schema-graph\">{\"@context\":\"https:\/\/schema.org\",\"@graph\":[{\"@type\":\"WebPage\",\"@id\":\"https:\/\/old.encore-can.com\/fr\/planner-pulse\/\",\"url\":\"https:\/\/old.encore-can.com\/fr\/planner-pulse\/\",\"name\":\"Le pouls des planificateurs - Encore Canada\",\"isPartOf\":{\"@id\":\"https:\/\/old.encore-can.com\/#website\"},\"datePublished\":\"2021-08-11T15:08:39+00:00\",\"dateModified\":\"2022-04-12T19:56:13+00:00\",\"breadcrumb\":{\"@id\":\"https:\/\/old.encore-can.com\/fr\/planner-pulse\/#breadcrumb\"},\"inLanguage\":\"fr-CA\",\"potentialAction\":[{\"@type\":\"ReadAction\",\"target\":[\"https:\/\/old.encore-can.com\/fr\/planner-pulse\/\"]}]},{\"@type\":\"BreadcrumbList\",\"@id\":\"https:\/\/old.encore-can.com\/fr\/planner-pulse\/#breadcrumb\",\"itemListElement\":[{\"@type\":\"ListItem\",\"position\":1,\"name\":\"Home\",\"item\":\"https:\/\/old.encore-can.com\/fr\/\"},{\"@type\":\"ListItem\",\"position\":2,\"name\":\"Le pouls des planificateurs\"}]},{\"@type\":\"WebSite\",\"@id\":\"https:\/\/old.encore-can.com\/#website\",\"url\":\"https:\/\/old.encore-can.com\/\",\"name\":\"Encore Canada\",\"description\":\"Events That Transform\",\"publisher\":{\"@id\":\"https:\/\/old.encore-can.com\/#organization\"},\"potentialAction\":[{\"@type\":\"SearchAction\",\"target\":{\"@type\":\"EntryPoint\",\"urlTemplate\":\"https:\/\/old.encore-can.com\/?s={search_term_string}\"},\"query-input\":{\"@type\":\"PropertyValueSpecification\",\"valueRequired\":true,\"valueName\":\"search_term_string\"}}],\"inLanguage\":\"fr-CA\"},{\"@type\":\"Organization\",\"@id\":\"https:\/\/old.encore-can.com\/#organization\",\"name\":\"Encore Canada\",\"url\":\"https:\/\/old.encore-can.com\/\",\"logo\":{\"@type\":\"ImageObject\",\"inLanguage\":\"fr-CA\",\"@id\":\"https:\/\/old.encore-can.com\/#\/schema\/logo\/image\/\",\"url\":\"https:\/\/cdn.encoreglobal.com\/wp-content\/uploads\/sites\/3\/2021\/11\/12165255\/encore-logo.png\",\"contentUrl\":\"https:\/\/cdn.encoreglobal.com\/wp-content\/uploads\/sites\/3\/2021\/11\/12165255\/encore-logo.png\",\"width\":708,\"height\":395,\"caption\":\"Encore Canada\"},\"image\":{\"@id\":\"https:\/\/old.encore-can.com\/#\/schema\/logo\/image\/\"}}]}<\/script>\n<!-- \/ Yoast SEO Premium plugin. -->","yoast_head_json":{"title":"Le pouls des planificateurs - Encore Canada","robots":{"index":"noindex","follow":"follow","max-snippet":"max-snippet:-1","max-image-preview":"max-image-preview:large","max-video-preview":"max-video-preview:-1"},"og_locale":"fr_CA","og_type":"article","og_title":"Le pouls des planificateurs","og_description":"Les derni\u00e8res nouvelles des professionnels de l&rsquo;\u00e9v\u00e9nementiel Ce n&rsquo;est un secret pour personne que l&rsquo;arriv\u00e9e de la variante Omicron a cr\u00e9\u00e9 des d\u00e9fis pour les professionnels de l&rsquo;organisation d&rsquo;\u00e9v\u00e9nements au cours des deux derniers mois. En cons\u00e9quence, une question tr\u00e8s importante se pose \u00e0 tous les planificateurs : Quand les r\u00e9unions et le secteur de ... En savoir plus","og_url":"https:\/\/old.encore-can.com\/fr\/planner-pulse\/","og_site_name":"Encore Canada","article_modified_time":"2022-04-12T19:56:13+00:00","twitter_card":"summary_large_image","twitter_misc":{"Estimation du temps de lecture":"1 minute"},"schema":{"@context":"https:\/\/schema.org","@graph":[{"@type":"WebPage","@id":"https:\/\/old.encore-can.com\/fr\/planner-pulse\/","url":"https:\/\/old.encore-can.com\/fr\/planner-pulse\/","name":"Le pouls des planificateurs - Encore Canada","isPartOf":{"@id":"https:\/\/old.encore-can.com\/#website"},"datePublished":"2021-08-11T15:08:39+00:00","dateModified":"2022-04-12T19:56:13+00:00","breadcrumb":{"@id":"https:\/\/old.encore-can.com\/fr\/planner-pulse\/#breadcrumb"},"inLanguage":"fr-CA","potentialAction":[{"@type":"ReadAction","target":["https:\/\/old.encore-can.com\/fr\/planner-pulse\/"]}]},{"@type":"BreadcrumbList","@id":"https:\/\/old.encore-can.com\/fr\/planner-pulse\/#breadcrumb","itemListElement":[{"@type":"ListItem","position":1,"name":"Home","item":"https:\/\/old.encore-can.com\/fr\/"},{"@type":"ListItem","position":2,"name":"Le pouls des planificateurs"}]},{"@type":"WebSite","@id":"https:\/\/old.encore-can.com\/#website","url":"https:\/\/old.encore-can.com\/","name":"Encore Canada","description":"Events That Transform","publisher":{"@id":"https:\/\/old.encore-can.com\/#organization"},"potentialAction":[{"@type":"SearchAction","target":{"@type":"EntryPoint","urlTemplate":"https:\/\/old.encore-can.com\/?s={search_term_string}"},"query-input":{"@type":"PropertyValueSpecification","valueRequired":true,"valueName":"search_term_string"}}],"inLanguage":"fr-CA"},{"@type":"Organization","@id":"https:\/\/old.encore-can.com\/#organization","name":"Encore Canada","url":"https:\/\/old.encore-can.com\/","logo":{"@type":"ImageObject","inLanguage":"fr-CA","@id":"https:\/\/old.encore-can.com\/#\/schema\/logo\/image\/","url":"https:\/\/cdn.encoreglobal.com\/wp-content\/uploads\/sites\/3\/2021\/11\/12165255\/encore-logo.png","contentUrl":"https:\/\/cdn.encoreglobal.com\/wp-content\/uploads\/sites\/3\/2021\/11\/12165255\/encore-logo.png","width":708,"height":395,"caption":"Encore Canada"},"image":{"@id":"https:\/\/old.encore-can.com\/#\/schema\/logo\/image\/"}}]}},"_links":{"self":[{"href":"https:\/\/old.encore-can.com\/fr\/wp-json\/wp\/v2\/pages\/25192","targetHints":{"allow":["GET"]}}],"collection":[{"href":"https:\/\/old.encore-can.com\/fr\/wp-json\/wp\/v2\/pages"}],"about":[{"href":"https:\/\/old.encore-can.com\/fr\/wp-json\/wp\/v2\/types\/page"}],"author":[{"embeddable":true,"href":"https:\/\/old.encore-can.com\/fr\/wp-json\/wp\/v2\/users\/29"}],"replies":[{"embeddable":true,"href":"https:\/\/old.encore-can.com\/fr\/wp-json\/wp\/v2\/comments?post=25192"}],"version-history":[{"count":0,"href":"https:\/\/old.encore-can.com\/fr\/wp-json\/wp\/v2\/pages\/25192\/revisions"}],"wp:attachment":[{"href":"https:\/\/old.encore-can.com\/fr\/wp-json\/wp\/v2\/media?parent=25192"}],"wp:term":[{"taxonomy":"post_tag","embeddable":true,"href":"https:\/\/old.encore-can.com\/fr\/wp-json\/wp\/v2\/tags?post=25192"}],"curies":[{"name":"wp","href":"https:\/\/api.w.org\/{rel}","templated":true}]}}