{"id":1845,"date":"2020-06-29T06:01:10","date_gmt":"2020-06-29T06:01:10","guid":{"rendered":"https:\/\/staging.encore-can.com\/venue-partnerships\/convention-centers\/"},"modified":"2021-01-26T17:04:43","modified_gmt":"2021-01-26T17:04:43","slug":"convention-centers","status":"publish","type":"page","link":"https:\/\/old.encore-can.com\/fr\/venue-partnerships\/convention-centers\/","title":{"rendered":"Centre de congr\u00e8s"},"content":{"rendered":"\t\t<div data-elementor-type=\"wp-page\" data-elementor-id=\"1845\" class=\"elementor elementor-1845 elementor-947\" data-elementor-post-type=\"page\">\n\t\t\t\t\t\t<section class=\"elementor-section elementor-top-section elementor-element elementor-element-4b903e0f elementor-section-stretched logo-bg left elementor-section-boxed elementor-section-height-default elementor-section-height-default\" data-id=\"4b903e0f\" data-element_type=\"section\" data-settings=\"{&quot;stretch_section&quot;:&quot;section-stretched&quot;}\">\n\t\t\t\t\t\t<div class=\"elementor-container elementor-column-gap-default\">\n\t\t\t\t\t<div class=\"elementor-column elementor-col-100 elementor-top-column elementor-element elementor-element-4243af42\" data-id=\"4243af42\" data-element_type=\"column\">\n\t\t\t<div class=\"elementor-widget-wrap elementor-element-populated\">\n\t\t\t\t\t\t<section class=\"elementor-section elementor-inner-section elementor-element elementor-element-4a9ce6d6 elementor-section-boxed elementor-section-height-default elementor-section-height-default\" data-id=\"4a9ce6d6\" data-element_type=\"section\">\n\t\t\t\t\t\t<div class=\"elementor-container elementor-column-gap-default\">\n\t\t\t\t\t<div class=\"elementor-column elementor-col-100 elementor-inner-column elementor-element elementor-element-40f8c551\" data-id=\"40f8c551\" data-element_type=\"column\">\n\t\t\t<div class=\"elementor-widget-wrap elementor-element-populated\">\n\t\t\t\t\t\t<div class=\"elementor-element elementor-element-9397e96 elementor-widget elementor-widget-text-editor\" data-id=\"9397e96\" data-element_type=\"widget\" data-widget_type=\"text-editor.default\">\n\t\t\t\t<div class=\"elementor-widget-container\">\n\t\t\t\t\t\t\t\t\t<h2 style=\"text-align: center\">Nos partenariats avec les centres de congr\u00e8s\u00a0<\/h2><p style=\"text-align: center\">Le planificateur de r\u00e9union d&rsquo;aujourd&rsquo;hui ressent la pression de produire des conf\u00e9rences qui sont meilleures que les pr\u00e9c\u00e9dentes.\u00a0Trouver un partenaire de confiance dans l&rsquo;espace de r\u00e9union hybride d&rsquo;aujourd&rsquo;hui continuera \u00e0 \u00eatre d&rsquo;une grande importance au fur et \u00e0 mesure des progr\u00e8s technologiques.\u00a0<\/p><p style=\"text-align: center\"><span data-ccp-props=\"{}\">Un partenariat avec Encore Canada permet \u00e0 votre centre de congr\u00e8s de disposer d&rsquo;une gamme compl\u00e8te d&rsquo;\u00e9quipements et de services de cr\u00e9ation, de production et de technologie. Les membres de notre \u00e9quipe mettront au point des moyens novateurs pour am\u00e9liorer l&rsquo;exp\u00e9rience de vos clients en mati\u00e8re de r\u00e9unions priv\u00e9es ou d&rsquo;\u00e9v\u00e9nements publics tout en mettant les participants en contact et en les incitant \u00e0 l&rsquo;action. <\/span><\/p>\t\t\t\t\t\t\t\t<\/div>\n\t\t\t\t<\/div>\n\t\t\t\t\t<\/div>\n\t\t<\/div>\n\t\t\t\t\t<\/div>\n\t\t<\/section>\n\t\t\t\t<section class=\"elementor-section elementor-inner-section elementor-element elementor-element-2068619c elementor-section-boxed elementor-section-height-default elementor-section-height-default\" data-id=\"2068619c\" data-element_type=\"section\">\n\t\t\t\t\t\t<div class=\"elementor-container elementor-column-gap-default\">\n\t\t\t\t\t<div class=\"elementor-column elementor-col-50 elementor-inner-column elementor-element elementor-element-1265054f\" data-id=\"1265054f\" data-element_type=\"column\">\n\t\t\t<div class=\"elementor-widget-wrap elementor-element-populated\">\n\t\t\t\t\t\t<div class=\"elementor-element elementor-element-58aeff59 elementor-widget elementor-widget-image\" data-id=\"58aeff59\" data-element_type=\"widget\" data-widget_type=\"image.default\">\n\t\t\t\t<div class=\"elementor-widget-container\">\n\t\t\t\t\t\t\t\t\t\t\t\t\t\t\t<img fetchpriority=\"high\" decoding=\"async\" width=\"2560\" height=\"1708\" src=\"https:\/\/cdn.encoreglobal.com\/wp-content\/uploads\/sites\/3\/2020\/10\/29190143\/Hawthorn_twobytwo_Adobe_Summit_2019_0607-scaled-1.jpg\" class=\"attachment-full size-full wp-image-5602\" alt=\"\" srcset=\"https:\/\/cdn.encoreglobal.com\/wp-content\/uploads\/sites\/3\/2020\/10\/29190143\/Hawthorn_twobytwo_Adobe_Summit_2019_0607-scaled-1.jpg 2560w, https:\/\/cdn.encoreglobal.com\/wp-content\/uploads\/sites\/3\/2020\/10\/29190143\/Hawthorn_twobytwo_Adobe_Summit_2019_0607-scaled-1-300x200.jpg 300w, https:\/\/cdn.encoreglobal.com\/wp-content\/uploads\/sites\/3\/2020\/10\/29190143\/Hawthorn_twobytwo_Adobe_Summit_2019_0607-scaled-1-1024x683.jpg 1024w, https:\/\/cdn.encoreglobal.com\/wp-content\/uploads\/sites\/3\/2020\/10\/29190143\/Hawthorn_twobytwo_Adobe_Summit_2019_0607-scaled-1-768x512.jpg 768w, https:\/\/cdn.encoreglobal.com\/wp-content\/uploads\/sites\/3\/2020\/10\/29190143\/Hawthorn_twobytwo_Adobe_Summit_2019_0607-scaled-1-1536x1025.jpg 1536w, https:\/\/cdn.encoreglobal.com\/wp-content\/uploads\/sites\/3\/2020\/10\/29190143\/Hawthorn_twobytwo_Adobe_Summit_2019_0607-scaled-1-2048x1366.jpg 2048w\" sizes=\"(max-width: 2560px) 100vw, 2560px\" \/>\t\t\t\t\t\t\t\t\t\t\t\t\t\t\t<\/div>\n\t\t\t\t<\/div>\n\t\t\t\t\t<\/div>\n\t\t<\/div>\n\t\t\t\t<div class=\"elementor-column elementor-col-50 elementor-inner-column elementor-element elementor-element-39cbb9\" data-id=\"39cbb9\" data-element_type=\"column\">\n\t\t\t<div class=\"elementor-widget-wrap elementor-element-populated\">\n\t\t\t\t\t\t<div class=\"elementor-element elementor-element-4fd56ae3 elementor-widget elementor-widget-text-editor\" data-id=\"4fd56ae3\" data-element_type=\"widget\" data-widget_type=\"text-editor.default\">\n\t\t\t\t<div class=\"elementor-widget-container\">\n\t\t\t\t\t\t\t\t\t<p style=\"text-align: left\">Sp\u00e9cialis\u00e9s dans le gr\u00e9ement, l&rsquo;internet et la distribution d&rsquo;\u00e9lectricit\u00e9, nous disposons des sp\u00e9cialistes form\u00e9s et certifi\u00e9s pour assurer la s\u00e9curit\u00e9 et la fiabilit\u00e9 de l&rsquo;infrastructure de vos r\u00e9unions et \u00e9v\u00e9nements.\u00a0<\/p><p style=\"text-align: left\">Gagner des affaires est une exp\u00e9rience plus confortable avec notre \u00e9quipe mondiale d&rsquo;experts en production \u00e0 vos c\u00f4t\u00e9s. Des besoins en \u00e9quipements audiovisuels professionnels haut de gamme aux services et comp\u00e9tences sp\u00e9cialis\u00e9s, il y a toujours un membre de l&rsquo;\u00e9quipe Encore capable de vous aider.\u00a0<\/p><p style=\"text-align: left\">En tant que premier fournisseur de services audiovisuels et d&rsquo;\u00e9v\u00e9nements dans plus de 2100 \u00e9tablissements partenaires dans le monde, Encore Global offre des capacit\u00e9s de production in\u00e9gal\u00e9es avec un service client\u00e8le de haut niveau.<\/p><ul><li><strong>D\u00e9couvrez nos solutions internes pour les \u00e9v\u00e9nements virtuels et hybrides.<a href=\"https:\/\/www.encore-can.com\/virtual-hybrid-events\/\"><span style=\"color: #339966\"> Pour en savoir plus, cliquez ici.\u00a0<\/span><\/a><\/strong><\/li><\/ul>\t\t\t\t\t\t\t\t<\/div>\n\t\t\t\t<\/div>\n\t\t\t\t\t<\/div>\n\t\t<\/div>\n\t\t\t\t\t<\/div>\n\t\t<\/section>\n\t\t\t\t\t<\/div>\n\t\t<\/div>\n\t\t\t\t\t<\/div>\n\t\t<\/section>\n\t\t\t\t<section class=\"elementor-section elementor-top-section elementor-element elementor-element-723e08c1 elementor-section-boxed elementor-section-height-default elementor-section-height-default\" data-id=\"723e08c1\" data-element_type=\"section\">\n\t\t\t\t\t\t<div class=\"elementor-container elementor-column-gap-default\">\n\t\t\t\t\t<div class=\"elementor-column elementor-col-100 elementor-top-column elementor-element elementor-element-3b86931f\" data-id=\"3b86931f\" data-element_type=\"column\">\n\t\t\t<div class=\"elementor-widget-wrap elementor-element-populated\">\n\t\t\t\t\t\t<div class=\"elementor-element elementor-element-3a0a189c elementor-widget elementor-widget-spacer\" data-id=\"3a0a189c\" data-element_type=\"widget\" data-widget_type=\"spacer.default\">\n\t\t\t\t<div class=\"elementor-widget-container\">\n\t\t\t\t\t\t\t<div class=\"elementor-spacer\">\n\t\t\t<div class=\"elementor-spacer-inner\"><\/div>\n\t\t<\/div>\n\t\t\t\t\t\t<\/div>\n\t\t\t\t<\/div>\n\t\t\t\t\t<\/div>\n\t\t<\/div>\n\t\t\t\t\t<\/div>\n\t\t<\/section>\n\t\t\t\t<section class=\"elementor-section elementor-top-section elementor-element elementor-element-659773c7 elementor-section-boxed elementor-section-height-default elementor-section-height-default\" data-id=\"659773c7\" data-element_type=\"section\">\n\t\t\t\t\t\t<div class=\"elementor-container elementor-column-gap-default\">\n\t\t\t\t\t<div class=\"elementor-column elementor-col-100 elementor-top-column elementor-element elementor-element-bc72c1\" data-id=\"bc72c1\" data-element_type=\"column\">\n\t\t\t<div class=\"elementor-widget-wrap elementor-element-populated\">\n\t\t\t\t\t\t<div class=\"elementor-element elementor-element-5dd58726 elementor-widget-divider--view-line elementor-widget elementor-widget-divider\" data-id=\"5dd58726\" data-element_type=\"widget\" data-widget_type=\"divider.default\">\n\t\t\t\t<div class=\"elementor-widget-container\">\n\t\t\t\t\t\t\t<div class=\"elementor-divider\">\n\t\t\t<span class=\"elementor-divider-separator\">\n\t\t\t\t\t\t<\/span>\n\t\t<\/div>\n\t\t\t\t\t\t<\/div>\n\t\t\t\t<\/div>\n\t\t\t\t\t<\/div>\n\t\t<\/div>\n\t\t\t\t\t<\/div>\n\t\t<\/section>\n\t\t\t\t<section class=\"elementor-section elementor-top-section elementor-element elementor-element-1f5e78d7 elementor-section-boxed elementor-section-height-default elementor-section-height-default\" data-id=\"1f5e78d7\" data-element_type=\"section\">\n\t\t\t\t\t\t<div class=\"elementor-container elementor-column-gap-default\">\n\t\t\t\t\t<div class=\"elementor-column elementor-col-100 elementor-top-column elementor-element elementor-element-77e770a2\" data-id=\"77e770a2\" data-element_type=\"column\">\n\t\t\t<div class=\"elementor-widget-wrap elementor-element-populated\">\n\t\t\t\t\t\t<div class=\"elementor-element elementor-element-b0302e1 elementor-widget elementor-widget-spacer\" data-id=\"b0302e1\" data-element_type=\"widget\" data-widget_type=\"spacer.default\">\n\t\t\t\t<div class=\"elementor-widget-container\">\n\t\t\t\t\t\t\t<div class=\"elementor-spacer\">\n\t\t\t<div class=\"elementor-spacer-inner\"><\/div>\n\t\t<\/div>\n\t\t\t\t\t\t<\/div>\n\t\t\t\t<\/div>\n\t\t\t\t\t<\/div>\n\t\t<\/div>\n\t\t\t\t\t<\/div>\n\t\t<\/section>\n\t\t\t\t<section class=\"elementor-section elementor-top-section elementor-element elementor-element-7532bb3d elementor-section-boxed elementor-section-height-default elementor-section-height-default\" data-id=\"7532bb3d\" data-element_type=\"section\">\n\t\t\t\t\t\t<div class=\"elementor-container elementor-column-gap-default\">\n\t\t\t\t\t<div class=\"elementor-column elementor-col-100 elementor-top-column elementor-element elementor-element-3755161d\" data-id=\"3755161d\" data-element_type=\"column\">\n\t\t\t<div class=\"elementor-widget-wrap elementor-element-populated\">\n\t\t\t\t\t\t<div class=\"elementor-element elementor-element-1606a264 elementor-widget elementor-widget-text-editor\" data-id=\"1606a264\" data-element_type=\"widget\" data-widget_type=\"text-editor.default\">\n\t\t\t\t<div class=\"elementor-widget-container\">\n\t\t\t\t\t\t\t\t\t<h3 style=\"text-align: center;\">Vous souhaitez en savoir plus<\/h3>\n<h3 style=\"text-align: center;\"><strong>\u00e0 propos de nos partenariats avec les centres de congr\u00e8s ? <\/strong><\/h3>\n<p style=\"text-align: center;\">Nous vous mettrons en relation avec le membre de l&rsquo;\u00e9quipe qui r\u00e9pondra \u00e0 toutes vos questions :<\/p>\n<script src=\"\/\/app-sj32.marketo.com\/js\/forms2\/js\/forms2.min.js\"><\/script>\n<form id=\"mktoForm_1255\"><\/form>\n<script>MktoForms2.loadForm(\"\/\/app-sj32.marketo.com\", \"920-VLN-838\", 1255);<\/script>\t\t\t\t\t\t\t\t<\/div>\n\t\t\t\t<\/div>\n\t\t\t\t\t<\/div>\n\t\t<\/div>\n\t\t\t\t\t<\/div>\n\t\t<\/section>\n\t\t\t\t<section class=\"elementor-section elementor-top-section elementor-element elementor-element-5e8db12 elementor-section-boxed elementor-section-height-default elementor-section-height-default\" data-id=\"5e8db12\" data-element_type=\"section\">\n\t\t\t\t\t\t<div class=\"elementor-container elementor-column-gap-default\">\n\t\t\t\t\t<div class=\"elementor-column elementor-col-100 elementor-top-column elementor-element elementor-element-cfdc460\" data-id=\"cfdc460\" data-element_type=\"column\">\n\t\t\t<div class=\"elementor-widget-wrap elementor-element-populated\">\n\t\t\t\t\t\t\t<\/div>\n\t\t<\/div>\n\t\t\t\t\t<\/div>\n\t\t<\/section>\n\t\t\t\t<\/div>\n\t\t","protected":false},"excerpt":{"rendered":"<p>Nos partenariats avec les centres de congr\u00e8s\u00a0 Le planificateur de r\u00e9union d&rsquo;aujourd&rsquo;hui ressent la pression de produire des conf\u00e9rences qui sont meilleures que les pr\u00e9c\u00e9dentes.\u00a0Trouver un partenaire de confiance dans l&rsquo;espace de r\u00e9union hybride d&rsquo;aujourd&rsquo;hui continuera \u00e0 \u00eatre d&rsquo;une grande importance au fur et \u00e0 mesure des progr\u00e8s technologiques.\u00a0 Un partenariat avec Encore Canada permet &#8230; <a href=\"https:\/\/old.encore-can.com\/fr\/venue-partnerships\/convention-centers\/\">En savoir plus<\/a><\/p>\n","protected":false},"author":6934,"featured_media":0,"parent":1844,"menu_order":0,"comment_status":"closed","ping_status":"closed","template":"","meta":{"footnotes":""},"tags":[],"class_list":["post-1845","page","type-page","status-publish","hentry"],"yoast_head":"<!-- This site is optimized with the Yoast SEO Premium plugin v25.4 (Yoast SEO v25.4) - https:\/\/yoast.com\/wordpress\/plugins\/seo\/ -->\n<title>Centre de congr\u00e8s - Encore Canada<\/title>\n<meta name=\"robots\" content=\"noindex, follow, max-snippet:-1, max-image-preview:large, max-video-preview:-1\" \/>\n<meta property=\"og:locale\" content=\"fr_CA\" \/>\n<meta property=\"og:type\" content=\"article\" \/>\n<meta property=\"og:title\" content=\"Centre de congr\u00e8s\" \/>\n<meta property=\"og:description\" content=\"Nos partenariats avec les centres de congr\u00e8s\u00a0 Le planificateur de r\u00e9union d&rsquo;aujourd&rsquo;hui ressent la pression de produire des conf\u00e9rences qui sont meilleures que les pr\u00e9c\u00e9dentes.\u00a0Trouver un partenaire de confiance dans l&rsquo;espace de r\u00e9union hybride d&rsquo;aujourd&rsquo;hui continuera \u00e0 \u00eatre d&rsquo;une grande importance au fur et \u00e0 mesure des progr\u00e8s technologiques.\u00a0 Un partenariat avec Encore Canada permet ... En savoir plus\" \/>\n<meta property=\"og:url\" content=\"https:\/\/old.encore-can.com\/fr\/venue-partnerships\/convention-centers\/\" \/>\n<meta property=\"og:site_name\" content=\"Encore Canada\" \/>\n<meta property=\"article:modified_time\" content=\"2021-01-26T17:04:43+00:00\" \/>\n<meta property=\"og:image\" content=\"https:\/\/encoreglobal.com\/app\/uploads\/sites\/3\/2020\/10\/Hawthorn_twobytwo_Adobe_Summit_2019_0607-scaled-1.jpg\" \/>\n<meta name=\"twitter:card\" content=\"summary_large_image\" \/>\n<meta name=\"twitter:label1\" content=\"Estimation du temps de lecture\" \/>\n\t<meta name=\"twitter:data1\" content=\"2 minutes\" \/>\n<script type=\"application\/ld+json\" class=\"yoast-schema-graph\">{\"@context\":\"https:\/\/schema.org\",\"@graph\":[{\"@type\":\"WebPage\",\"@id\":\"https:\/\/old.encore-can.com\/fr\/venue-partnerships\/convention-centers\/\",\"url\":\"https:\/\/old.encore-can.com\/fr\/venue-partnerships\/convention-centers\/\",\"name\":\"Centre de congr\u00e8s - Encore Canada\",\"isPartOf\":{\"@id\":\"https:\/\/old.encore-can.com\/#website\"},\"primaryImageOfPage\":{\"@id\":\"https:\/\/old.encore-can.com\/fr\/venue-partnerships\/convention-centers\/#primaryimage\"},\"image\":{\"@id\":\"https:\/\/old.encore-can.com\/fr\/venue-partnerships\/convention-centers\/#primaryimage\"},\"thumbnailUrl\":\"https:\/\/encoreglobal.com\/app\/uploads\/sites\/3\/2020\/10\/Hawthorn_twobytwo_Adobe_Summit_2019_0607-scaled-1.jpg\",\"datePublished\":\"2020-06-29T06:01:10+00:00\",\"dateModified\":\"2021-01-26T17:04:43+00:00\",\"breadcrumb\":{\"@id\":\"https:\/\/old.encore-can.com\/fr\/venue-partnerships\/convention-centers\/#breadcrumb\"},\"inLanguage\":\"fr-CA\",\"potentialAction\":[{\"@type\":\"ReadAction\",\"target\":[\"https:\/\/old.encore-can.com\/fr\/venue-partnerships\/convention-centers\/\"]}]},{\"@type\":\"ImageObject\",\"inLanguage\":\"fr-CA\",\"@id\":\"https:\/\/old.encore-can.com\/fr\/venue-partnerships\/convention-centers\/#primaryimage\",\"url\":\"https:\/\/encoreglobal.com\/app\/uploads\/sites\/3\/2020\/10\/Hawthorn_twobytwo_Adobe_Summit_2019_0607-scaled-1.jpg\",\"contentUrl\":\"https:\/\/encoreglobal.com\/app\/uploads\/sites\/3\/2020\/10\/Hawthorn_twobytwo_Adobe_Summit_2019_0607-scaled-1.jpg\"},{\"@type\":\"BreadcrumbList\",\"@id\":\"https:\/\/old.encore-can.com\/fr\/venue-partnerships\/convention-centers\/#breadcrumb\",\"itemListElement\":[{\"@type\":\"ListItem\",\"position\":1,\"name\":\"Home\",\"item\":\"https:\/\/old.encore-can.com\/fr\/\"},{\"@type\":\"ListItem\",\"position\":2,\"name\":\"\u00c9tablissements partenaires\",\"item\":\"https:\/\/old.encore-can.com\/fr\/venue-partnerships\/\"},{\"@type\":\"ListItem\",\"position\":3,\"name\":\"Centre de congr\u00e8s\"}]},{\"@type\":\"WebSite\",\"@id\":\"https:\/\/old.encore-can.com\/#website\",\"url\":\"https:\/\/old.encore-can.com\/\",\"name\":\"Encore Canada\",\"description\":\"Events That Transform\",\"publisher\":{\"@id\":\"https:\/\/old.encore-can.com\/#organization\"},\"potentialAction\":[{\"@type\":\"SearchAction\",\"target\":{\"@type\":\"EntryPoint\",\"urlTemplate\":\"https:\/\/old.encore-can.com\/?s={search_term_string}\"},\"query-input\":{\"@type\":\"PropertyValueSpecification\",\"valueRequired\":true,\"valueName\":\"search_term_string\"}}],\"inLanguage\":\"fr-CA\"},{\"@type\":\"Organization\",\"@id\":\"https:\/\/old.encore-can.com\/#organization\",\"name\":\"Encore Canada\",\"url\":\"https:\/\/old.encore-can.com\/\",\"logo\":{\"@type\":\"ImageObject\",\"inLanguage\":\"fr-CA\",\"@id\":\"https:\/\/old.encore-can.com\/#\/schema\/logo\/image\/\",\"url\":\"https:\/\/cdn.encoreglobal.com\/wp-content\/uploads\/sites\/3\/2021\/11\/12165255\/encore-logo.png\",\"contentUrl\":\"https:\/\/cdn.encoreglobal.com\/wp-content\/uploads\/sites\/3\/2021\/11\/12165255\/encore-logo.png\",\"width\":708,\"height\":395,\"caption\":\"Encore Canada\"},\"image\":{\"@id\":\"https:\/\/old.encore-can.com\/#\/schema\/logo\/image\/\"}}]}<\/script>\n<!-- \/ Yoast SEO Premium plugin. -->","yoast_head_json":{"title":"Centre de congr\u00e8s - Encore Canada","robots":{"index":"noindex","follow":"follow","max-snippet":"max-snippet:-1","max-image-preview":"max-image-preview:large","max-video-preview":"max-video-preview:-1"},"og_locale":"fr_CA","og_type":"article","og_title":"Centre de congr\u00e8s","og_description":"Nos partenariats avec les centres de congr\u00e8s\u00a0 Le planificateur de r\u00e9union d&rsquo;aujourd&rsquo;hui ressent la pression de produire des conf\u00e9rences qui sont meilleures que les pr\u00e9c\u00e9dentes.\u00a0Trouver un partenaire de confiance dans l&rsquo;espace de r\u00e9union hybride d&rsquo;aujourd&rsquo;hui continuera \u00e0 \u00eatre d&rsquo;une grande importance au fur et \u00e0 mesure des progr\u00e8s technologiques.\u00a0 Un partenariat avec Encore Canada permet ... En savoir plus","og_url":"https:\/\/old.encore-can.com\/fr\/venue-partnerships\/convention-centers\/","og_site_name":"Encore Canada","article_modified_time":"2021-01-26T17:04:43+00:00","og_image":[{"url":"https:\/\/encoreglobal.com\/app\/uploads\/sites\/3\/2020\/10\/Hawthorn_twobytwo_Adobe_Summit_2019_0607-scaled-1.jpg","type":"","width":"","height":""}],"twitter_card":"summary_large_image","twitter_misc":{"Estimation du temps de lecture":"2 minutes"},"schema":{"@context":"https:\/\/schema.org","@graph":[{"@type":"WebPage","@id":"https:\/\/old.encore-can.com\/fr\/venue-partnerships\/convention-centers\/","url":"https:\/\/old.encore-can.com\/fr\/venue-partnerships\/convention-centers\/","name":"Centre de congr\u00e8s - Encore Canada","isPartOf":{"@id":"https:\/\/old.encore-can.com\/#website"},"primaryImageOfPage":{"@id":"https:\/\/old.encore-can.com\/fr\/venue-partnerships\/convention-centers\/#primaryimage"},"image":{"@id":"https:\/\/old.encore-can.com\/fr\/venue-partnerships\/convention-centers\/#primaryimage"},"thumbnailUrl":"https:\/\/encoreglobal.com\/app\/uploads\/sites\/3\/2020\/10\/Hawthorn_twobytwo_Adobe_Summit_2019_0607-scaled-1.jpg","datePublished":"2020-06-29T06:01:10+00:00","dateModified":"2021-01-26T17:04:43+00:00","breadcrumb":{"@id":"https:\/\/old.encore-can.com\/fr\/venue-partnerships\/convention-centers\/#breadcrumb"},"inLanguage":"fr-CA","potentialAction":[{"@type":"ReadAction","target":["https:\/\/old.encore-can.com\/fr\/venue-partnerships\/convention-centers\/"]}]},{"@type":"ImageObject","inLanguage":"fr-CA","@id":"https:\/\/old.encore-can.com\/fr\/venue-partnerships\/convention-centers\/#primaryimage","url":"https:\/\/encoreglobal.com\/app\/uploads\/sites\/3\/2020\/10\/Hawthorn_twobytwo_Adobe_Summit_2019_0607-scaled-1.jpg","contentUrl":"https:\/\/encoreglobal.com\/app\/uploads\/sites\/3\/2020\/10\/Hawthorn_twobytwo_Adobe_Summit_2019_0607-scaled-1.jpg"},{"@type":"BreadcrumbList","@id":"https:\/\/old.encore-can.com\/fr\/venue-partnerships\/convention-centers\/#breadcrumb","itemListElement":[{"@type":"ListItem","position":1,"name":"Home","item":"https:\/\/old.encore-can.com\/fr\/"},{"@type":"ListItem","position":2,"name":"\u00c9tablissements partenaires","item":"https:\/\/old.encore-can.com\/fr\/venue-partnerships\/"},{"@type":"ListItem","position":3,"name":"Centre de congr\u00e8s"}]},{"@type":"WebSite","@id":"https:\/\/old.encore-can.com\/#website","url":"https:\/\/old.encore-can.com\/","name":"Encore Canada","description":"Events That Transform","publisher":{"@id":"https:\/\/old.encore-can.com\/#organization"},"potentialAction":[{"@type":"SearchAction","target":{"@type":"EntryPoint","urlTemplate":"https:\/\/old.encore-can.com\/?s={search_term_string}"},"query-input":{"@type":"PropertyValueSpecification","valueRequired":true,"valueName":"search_term_string"}}],"inLanguage":"fr-CA"},{"@type":"Organization","@id":"https:\/\/old.encore-can.com\/#organization","name":"Encore Canada","url":"https:\/\/old.encore-can.com\/","logo":{"@type":"ImageObject","inLanguage":"fr-CA","@id":"https:\/\/old.encore-can.com\/#\/schema\/logo\/image\/","url":"https:\/\/cdn.encoreglobal.com\/wp-content\/uploads\/sites\/3\/2021\/11\/12165255\/encore-logo.png","contentUrl":"https:\/\/cdn.encoreglobal.com\/wp-content\/uploads\/sites\/3\/2021\/11\/12165255\/encore-logo.png","width":708,"height":395,"caption":"Encore Canada"},"image":{"@id":"https:\/\/old.encore-can.com\/#\/schema\/logo\/image\/"}}]}},"_links":{"self":[{"href":"https:\/\/old.encore-can.com\/fr\/wp-json\/wp\/v2\/pages\/1845","targetHints":{"allow":["GET"]}}],"collection":[{"href":"https:\/\/old.encore-can.com\/fr\/wp-json\/wp\/v2\/pages"}],"about":[{"href":"https:\/\/old.encore-can.com\/fr\/wp-json\/wp\/v2\/types\/page"}],"author":[{"embeddable":true,"href":"https:\/\/old.encore-can.com\/fr\/wp-json\/wp\/v2\/users\/6934"}],"replies":[{"embeddable":true,"href":"https:\/\/old.encore-can.com\/fr\/wp-json\/wp\/v2\/comments?post=1845"}],"version-history":[{"count":0,"href":"https:\/\/old.encore-can.com\/fr\/wp-json\/wp\/v2\/pages\/1845\/revisions"}],"up":[{"embeddable":true,"href":"https:\/\/old.encore-can.com\/fr\/wp-json\/wp\/v2\/pages\/1844"}],"wp:attachment":[{"href":"https:\/\/old.encore-can.com\/fr\/wp-json\/wp\/v2\/media?parent=1845"}],"wp:term":[{"taxonomy":"post_tag","embeddable":true,"href":"https:\/\/old.encore-can.com\/fr\/wp-json\/wp\/v2\/tags?post=1845"}],"curies":[{"name":"wp","href":"https:\/\/api.w.org\/{rel}","templated":true}]}}