{"id":1829,"date":"2020-05-13T00:02:26","date_gmt":"2020-05-13T00:02:26","guid":{"rendered":"https:\/\/staging.encore-can.com\/event-type\/"},"modified":"2021-02-01T09:21:06","modified_gmt":"2021-02-01T09:21:06","slug":"event-type","status":"publish","type":"page","link":"https:\/\/old.encore-can.com\/fr\/event-type\/","title":{"rendered":"Type d&rsquo;\u00e9v\u00e9nement"},"content":{"rendered":"\t\t<div data-elementor-type=\"wp-page\" data-elementor-id=\"1829\" class=\"elementor elementor-1829 elementor-21\" data-elementor-post-type=\"page\">\n\t\t\t\t\t\t<section class=\"elementor-section elementor-top-section elementor-element elementor-element-3868009d elementor-section-boxed elementor-section-height-default elementor-section-height-default\" data-id=\"3868009d\" data-element_type=\"section\">\n\t\t\t\t\t\t<div class=\"elementor-container elementor-column-gap-default\">\n\t\t\t\t\t<div class=\"elementor-column elementor-col-100 elementor-top-column elementor-element elementor-element-6ed9bd9a\" data-id=\"6ed9bd9a\" data-element_type=\"column\">\n\t\t\t<div class=\"elementor-widget-wrap elementor-element-populated\">\n\t\t\t\t\t\t<div class=\"elementor-element elementor-element-44d211e1 elementor-widget elementor-widget-heading\" data-id=\"44d211e1\" data-element_type=\"widget\" data-widget_type=\"heading.default\">\n\t\t\t\t<div class=\"elementor-widget-container\">\n\t\t\t\t\t<h2 class=\"elementor-heading-title elementor-size-default\">Des \u00e9v\u00e9nements qui transforment\n\n\n<\/h2>\t\t\t\t<\/div>\n\t\t\t\t<\/div>\n\t\t\t\t<div class=\"elementor-element elementor-element-4c01ece elementor-widget elementor-widget-text-editor\" data-id=\"4c01ece\" data-element_type=\"widget\" data-widget_type=\"text-editor.default\">\n\t\t\t\t<div class=\"elementor-widget-container\">\n\t\t\t\t\t\t\t\t\t<p>Que ce soit dans un \u00e9tablissement ou en ext\u00e9rieur, Encore produit des \u00e9v\u00e9nements qui transforment. Les \u00e9v\u00e9nements transformateurs c\u00e9l\u00e8brent des \u00e9tapes importantes, motivent les gens \u00e0 agir et cr\u00e9ent des souvenirs positifs. Gr\u00e2ce \u00e0 nos services et \u00e0 notre technologie, Encore vous aidera \u00e0 cr\u00e9er le meilleur \u00e9v\u00e9nement en direct, virtuel ou hybride.<\/p><h3 style=\"text-align: center;\"><strong>Explorez vos options<\/strong><\/h3>\t\t\t\t\t\t\t\t<\/div>\n\t\t\t\t<\/div>\n\t\t\t\t\t<\/div>\n\t\t<\/div>\n\t\t\t\t\t<\/div>\n\t\t<\/section>\n\t\t\t\t<section class=\"elementor-section elementor-top-section elementor-element elementor-element-7b88124a elementor-section-stretched elementor-section-boxed elementor-section-height-default elementor-section-height-default\" data-id=\"7b88124a\" data-element_type=\"section\" data-settings=\"{&quot;stretch_section&quot;:&quot;section-stretched&quot;}\">\n\t\t\t\t\t\t<div class=\"elementor-container elementor-column-gap-default\">\n\t\t\t\t\t<div class=\"elementor-column elementor-col-100 elementor-top-column elementor-element elementor-element-3a07fdd6\" data-id=\"3a07fdd6\" data-element_type=\"column\">\n\t\t\t<div class=\"elementor-widget-wrap elementor-element-populated\">\n\t\t\t\t\t\t<section class=\"elementor-section elementor-inner-section elementor-element elementor-element-56a25082 elementor-section-boxed elementor-section-height-default elementor-section-height-default\" data-id=\"56a25082\" data-element_type=\"section\">\n\t\t\t\t\t\t<div class=\"elementor-container elementor-column-gap-default\">\n\t\t\t\t\t<div class=\"elementor-column elementor-col-25 elementor-inner-column elementor-element elementor-element-6f9d3315\" data-id=\"6f9d3315\" data-element_type=\"column\">\n\t\t\t<div class=\"elementor-widget-wrap\">\n\t\t\t\t\t\t\t<\/div>\n\t\t<\/div>\n\t\t\t\t<div class=\"elementor-column elementor-col-25 elementor-inner-column elementor-element elementor-element-2a8485c1\" data-id=\"2a8485c1\" data-element_type=\"column\">\n\t\t\t<div class=\"elementor-widget-wrap elementor-element-populated\">\n\t\t\t\t\t\t<div class=\"elementor-element elementor-element-3738bd5c elementor-widget elementor-widget-encore-capabilities\" data-id=\"3738bd5c\" data-element_type=\"widget\" data-widget_type=\"encore-capabilities.default\">\n\t\t\t\t<div class=\"elementor-widget-container\">\n\t\t\t\t\t<div class=\"capability-wrapper\">\n\t<div class=\"entry\" style=\"background-image:url(https:\/\/encoreglobal.com\/app\/uploads\/sites\/3\/2021\/02\/Conferences-hero.jpg);\">\n\t\t<div class=\"entry-display teal\">\n\t\t\t<div class=\"title\">R\u00e9unions &amp; Conf\u00e9rences<\/div>\n            <div class=\"clear\"><\/div>\n\t\t\t<div class=\"link\">\n\t\t\t\t<a href=\"\/meetings-conferences\/\">En savoir plus<\/a>\n\t\t\t<\/div>\n\t\t<\/div>\n\t<\/div>\n<\/div>\n\t\t\t\t<\/div>\n\t\t\t\t<\/div>\n\t\t\t\t\t<\/div>\n\t\t<\/div>\n\t\t\t\t<div class=\"elementor-column elementor-col-25 elementor-inner-column elementor-element elementor-element-519ff6f\" data-id=\"519ff6f\" data-element_type=\"column\">\n\t\t\t<div class=\"elementor-widget-wrap elementor-element-populated\">\n\t\t\t\t\t\t<div class=\"elementor-element elementor-element-4c415480 elementor-widget elementor-widget-encore-capabilities\" data-id=\"4c415480\" data-element_type=\"widget\" data-widget_type=\"encore-capabilities.default\">\n\t\t\t\t<div class=\"elementor-widget-container\">\n\t\t\t\t\t<div class=\"capability-wrapper\">\n\t<div class=\"entry\" style=\"background-image:url(https:\/\/info.encoreglobal.com\/app\/uploads\/sites\/3\/2020\/09\/Hawthorn_twobytwo_CEF_Live_2019_0005.jpg);\">\n\t\t<div class=\"entry-display green\">\n\t\t\t<div class=\"title\">Conventions &amp; Salons<\/div>\n            <div class=\"clear\"><\/div>\n\t\t\t<div class=\"link\">\n\t\t\t\t<a href=\"\/conventions-trade-shows\/\">En savoir plus<\/a>\n\t\t\t<\/div>\n\t\t<\/div>\n\t<\/div>\n<\/div>\n\t\t\t\t<\/div>\n\t\t\t\t<\/div>\n\t\t\t\t\t<\/div>\n\t\t<\/div>\n\t\t\t\t<div class=\"elementor-column elementor-col-25 elementor-inner-column elementor-element elementor-element-222ee105\" data-id=\"222ee105\" data-element_type=\"column\">\n\t\t\t<div class=\"elementor-widget-wrap\">\n\t\t\t\t\t\t\t<\/div>\n\t\t<\/div>\n\t\t\t\t\t<\/div>\n\t\t<\/section>\n\t\t\t\t<section class=\"elementor-section elementor-inner-section elementor-element elementor-element-5fb9f4e7 elementor-section-boxed elementor-section-height-default elementor-section-height-default\" data-id=\"5fb9f4e7\" data-element_type=\"section\">\n\t\t\t\t\t\t<div class=\"elementor-container elementor-column-gap-default\">\n\t\t\t\t\t<div class=\"elementor-column elementor-col-25 elementor-inner-column elementor-element elementor-element-4f1d111d\" data-id=\"4f1d111d\" data-element_type=\"column\">\n\t\t\t<div class=\"elementor-widget-wrap\">\n\t\t\t\t\t\t\t<\/div>\n\t\t<\/div>\n\t\t\t\t<div class=\"elementor-column elementor-col-25 elementor-inner-column elementor-element elementor-element-371c36f1\" data-id=\"371c36f1\" data-element_type=\"column\">\n\t\t\t<div class=\"elementor-widget-wrap elementor-element-populated\">\n\t\t\t\t\t\t<div class=\"elementor-element elementor-element-4bd0d5ed elementor-widget elementor-widget-encore-capabilities\" data-id=\"4bd0d5ed\" data-element_type=\"widget\" data-widget_type=\"encore-capabilities.default\">\n\t\t\t\t<div class=\"elementor-widget-container\">\n\t\t\t\t\t<div class=\"capability-wrapper\">\n\t<div class=\"entry\" style=\"background-image:url(https:\/\/info.encoreglobal.com\/app\/uploads\/sites\/3\/2020\/09\/Hawthorn_IMG_5014-scaled-2.jpg);\">\n\t\t<div class=\"entry-display teal\">\n\t\t\t<div class=\"title\">\u00c9v\u00e9nements sp\u00e9ciaux<\/div>\n            <div class=\"clear\"><\/div>\n\t\t\t<div class=\"link\">\n\t\t\t\t<a href=\"\/special-events\/\">En savoir plus<\/a>\n\t\t\t<\/div>\n\t\t<\/div>\n\t<\/div>\n<\/div>\n\t\t\t\t<\/div>\n\t\t\t\t<\/div>\n\t\t\t\t\t<\/div>\n\t\t<\/div>\n\t\t\t\t<div class=\"elementor-column elementor-col-25 elementor-inner-column elementor-element elementor-element-7a0f204c\" data-id=\"7a0f204c\" data-element_type=\"column\">\n\t\t\t<div class=\"elementor-widget-wrap elementor-element-populated\">\n\t\t\t\t\t\t<div class=\"elementor-element elementor-element-3716b0dd elementor-widget elementor-widget-encore-capabilities\" data-id=\"3716b0dd\" data-element_type=\"widget\" data-widget_type=\"encore-capabilities.default\">\n\t\t\t\t<div class=\"elementor-widget-container\">\n\t\t\t\t\t<div class=\"capability-wrapper\">\n\t<div class=\"entry\" style=\"background-image:url(https:\/\/encoreglobal.com\/app\/uploads\/sites\/3\/2020\/10\/Transform_your_event_experience_blog_img2-1.png);\">\n\t\t<div class=\"entry-display green\">\n\t\t\t<div class=\"title\">Activation exp\u00e9rimentale des marques<\/div>\n            <div class=\"clear\"><\/div>\n\t\t\t<div class=\"link\">\n\t\t\t\t<a href=\"\/experiential-brand-activations\/\">En savoir plus<\/a>\n\t\t\t<\/div>\n\t\t<\/div>\n\t<\/div>\n<\/div>\n\t\t\t\t<\/div>\n\t\t\t\t<\/div>\n\t\t\t\t\t<\/div>\n\t\t<\/div>\n\t\t\t\t<div class=\"elementor-column elementor-col-25 elementor-inner-column elementor-element elementor-element-2b433c18\" data-id=\"2b433c18\" data-element_type=\"column\">\n\t\t\t<div class=\"elementor-widget-wrap\">\n\t\t\t\t\t\t\t<\/div>\n\t\t<\/div>\n\t\t\t\t\t<\/div>\n\t\t<\/section>\n\t\t\t\t\t<\/div>\n\t\t<\/div>\n\t\t\t\t\t<\/div>\n\t\t<\/section>\n\t\t\t\t<\/div>\n\t\t","protected":false},"excerpt":{"rendered":"<p>Des \u00e9v\u00e9nements qui transforment Que ce soit dans un \u00e9tablissement ou en ext\u00e9rieur, Encore produit des \u00e9v\u00e9nements qui transforment. Les \u00e9v\u00e9nements transformateurs c\u00e9l\u00e8brent des \u00e9tapes importantes, motivent les gens \u00e0 agir et cr\u00e9ent des souvenirs positifs. Gr\u00e2ce \u00e0 nos services et \u00e0 notre technologie, Encore vous aidera \u00e0 cr\u00e9er le meilleur \u00e9v\u00e9nement en direct, virtuel &#8230; <a href=\"https:\/\/old.encore-can.com\/fr\/event-type\/\">En savoir plus<\/a><\/p>\n","protected":false},"author":6934,"featured_media":0,"parent":0,"menu_order":0,"comment_status":"closed","ping_status":"closed","template":"","meta":{"footnotes":""},"tags":[],"class_list":["post-1829","page","type-page","status-publish","hentry"],"yoast_head":"<!-- This site is optimized with the Yoast SEO Premium plugin v25.4 (Yoast SEO v25.4) - https:\/\/yoast.com\/wordpress\/plugins\/seo\/ -->\n<title>Type d&#039;\u00e9v\u00e9nement - Encore Canada<\/title>\n<meta name=\"robots\" content=\"noindex, follow, max-snippet:-1, max-image-preview:large, max-video-preview:-1\" \/>\n<meta property=\"og:locale\" content=\"fr_CA\" \/>\n<meta property=\"og:type\" content=\"article\" \/>\n<meta property=\"og:title\" content=\"Type d&#039;\u00e9v\u00e9nement\" \/>\n<meta property=\"og:description\" content=\"Des \u00e9v\u00e9nements qui transforment Que ce soit dans un \u00e9tablissement ou en ext\u00e9rieur, Encore produit des \u00e9v\u00e9nements qui transforment. Les \u00e9v\u00e9nements transformateurs c\u00e9l\u00e8brent des \u00e9tapes importantes, motivent les gens \u00e0 agir et cr\u00e9ent des souvenirs positifs. Gr\u00e2ce \u00e0 nos services et \u00e0 notre technologie, Encore vous aidera \u00e0 cr\u00e9er le meilleur \u00e9v\u00e9nement en direct, virtuel ... En savoir plus\" \/>\n<meta property=\"og:url\" content=\"https:\/\/old.encore-can.com\/fr\/event-type\/\" \/>\n<meta property=\"og:site_name\" content=\"Encore Canada\" \/>\n<meta property=\"article:modified_time\" content=\"2021-02-01T09:21:06+00:00\" \/>\n<meta name=\"twitter:card\" content=\"summary_large_image\" \/>\n<meta name=\"twitter:label1\" content=\"Estimation du temps de lecture\" \/>\n\t<meta name=\"twitter:data1\" content=\"1 minute\" \/>\n<script type=\"application\/ld+json\" class=\"yoast-schema-graph\">{\"@context\":\"https:\/\/schema.org\",\"@graph\":[{\"@type\":\"WebPage\",\"@id\":\"https:\/\/old.encore-can.com\/fr\/event-type\/\",\"url\":\"https:\/\/old.encore-can.com\/fr\/event-type\/\",\"name\":\"Type d'\u00e9v\u00e9nement - Encore Canada\",\"isPartOf\":{\"@id\":\"https:\/\/old.encore-can.com\/#website\"},\"datePublished\":\"2020-05-13T00:02:26+00:00\",\"dateModified\":\"2021-02-01T09:21:06+00:00\",\"breadcrumb\":{\"@id\":\"https:\/\/old.encore-can.com\/fr\/event-type\/#breadcrumb\"},\"inLanguage\":\"fr-CA\",\"potentialAction\":[{\"@type\":\"ReadAction\",\"target\":[\"https:\/\/old.encore-can.com\/fr\/event-type\/\"]}]},{\"@type\":\"BreadcrumbList\",\"@id\":\"https:\/\/old.encore-can.com\/fr\/event-type\/#breadcrumb\",\"itemListElement\":[{\"@type\":\"ListItem\",\"position\":1,\"name\":\"Home\",\"item\":\"https:\/\/old.encore-can.com\/fr\/\"},{\"@type\":\"ListItem\",\"position\":2,\"name\":\"Type d&rsquo;\u00e9v\u00e9nement\"}]},{\"@type\":\"WebSite\",\"@id\":\"https:\/\/old.encore-can.com\/#website\",\"url\":\"https:\/\/old.encore-can.com\/\",\"name\":\"Encore Canada\",\"description\":\"Events That Transform\",\"publisher\":{\"@id\":\"https:\/\/old.encore-can.com\/#organization\"},\"potentialAction\":[{\"@type\":\"SearchAction\",\"target\":{\"@type\":\"EntryPoint\",\"urlTemplate\":\"https:\/\/old.encore-can.com\/?s={search_term_string}\"},\"query-input\":{\"@type\":\"PropertyValueSpecification\",\"valueRequired\":true,\"valueName\":\"search_term_string\"}}],\"inLanguage\":\"fr-CA\"},{\"@type\":\"Organization\",\"@id\":\"https:\/\/old.encore-can.com\/#organization\",\"name\":\"Encore Canada\",\"url\":\"https:\/\/old.encore-can.com\/\",\"logo\":{\"@type\":\"ImageObject\",\"inLanguage\":\"fr-CA\",\"@id\":\"https:\/\/old.encore-can.com\/#\/schema\/logo\/image\/\",\"url\":\"https:\/\/cdn.encoreglobal.com\/wp-content\/uploads\/sites\/3\/2021\/11\/12165255\/encore-logo.png\",\"contentUrl\":\"https:\/\/cdn.encoreglobal.com\/wp-content\/uploads\/sites\/3\/2021\/11\/12165255\/encore-logo.png\",\"width\":708,\"height\":395,\"caption\":\"Encore Canada\"},\"image\":{\"@id\":\"https:\/\/old.encore-can.com\/#\/schema\/logo\/image\/\"}}]}<\/script>\n<!-- \/ Yoast SEO Premium plugin. -->","yoast_head_json":{"title":"Type d'\u00e9v\u00e9nement - Encore Canada","robots":{"index":"noindex","follow":"follow","max-snippet":"max-snippet:-1","max-image-preview":"max-image-preview:large","max-video-preview":"max-video-preview:-1"},"og_locale":"fr_CA","og_type":"article","og_title":"Type d'\u00e9v\u00e9nement","og_description":"Des \u00e9v\u00e9nements qui transforment Que ce soit dans un \u00e9tablissement ou en ext\u00e9rieur, Encore produit des \u00e9v\u00e9nements qui transforment. Les \u00e9v\u00e9nements transformateurs c\u00e9l\u00e8brent des \u00e9tapes importantes, motivent les gens \u00e0 agir et cr\u00e9ent des souvenirs positifs. Gr\u00e2ce \u00e0 nos services et \u00e0 notre technologie, Encore vous aidera \u00e0 cr\u00e9er le meilleur \u00e9v\u00e9nement en direct, virtuel ... En savoir plus","og_url":"https:\/\/old.encore-can.com\/fr\/event-type\/","og_site_name":"Encore Canada","article_modified_time":"2021-02-01T09:21:06+00:00","twitter_card":"summary_large_image","twitter_misc":{"Estimation du temps de lecture":"1 minute"},"schema":{"@context":"https:\/\/schema.org","@graph":[{"@type":"WebPage","@id":"https:\/\/old.encore-can.com\/fr\/event-type\/","url":"https:\/\/old.encore-can.com\/fr\/event-type\/","name":"Type d'\u00e9v\u00e9nement - Encore Canada","isPartOf":{"@id":"https:\/\/old.encore-can.com\/#website"},"datePublished":"2020-05-13T00:02:26+00:00","dateModified":"2021-02-01T09:21:06+00:00","breadcrumb":{"@id":"https:\/\/old.encore-can.com\/fr\/event-type\/#breadcrumb"},"inLanguage":"fr-CA","potentialAction":[{"@type":"ReadAction","target":["https:\/\/old.encore-can.com\/fr\/event-type\/"]}]},{"@type":"BreadcrumbList","@id":"https:\/\/old.encore-can.com\/fr\/event-type\/#breadcrumb","itemListElement":[{"@type":"ListItem","position":1,"name":"Home","item":"https:\/\/old.encore-can.com\/fr\/"},{"@type":"ListItem","position":2,"name":"Type d&rsquo;\u00e9v\u00e9nement"}]},{"@type":"WebSite","@id":"https:\/\/old.encore-can.com\/#website","url":"https:\/\/old.encore-can.com\/","name":"Encore Canada","description":"Events That Transform","publisher":{"@id":"https:\/\/old.encore-can.com\/#organization"},"potentialAction":[{"@type":"SearchAction","target":{"@type":"EntryPoint","urlTemplate":"https:\/\/old.encore-can.com\/?s={search_term_string}"},"query-input":{"@type":"PropertyValueSpecification","valueRequired":true,"valueName":"search_term_string"}}],"inLanguage":"fr-CA"},{"@type":"Organization","@id":"https:\/\/old.encore-can.com\/#organization","name":"Encore Canada","url":"https:\/\/old.encore-can.com\/","logo":{"@type":"ImageObject","inLanguage":"fr-CA","@id":"https:\/\/old.encore-can.com\/#\/schema\/logo\/image\/","url":"https:\/\/cdn.encoreglobal.com\/wp-content\/uploads\/sites\/3\/2021\/11\/12165255\/encore-logo.png","contentUrl":"https:\/\/cdn.encoreglobal.com\/wp-content\/uploads\/sites\/3\/2021\/11\/12165255\/encore-logo.png","width":708,"height":395,"caption":"Encore Canada"},"image":{"@id":"https:\/\/old.encore-can.com\/#\/schema\/logo\/image\/"}}]}},"_links":{"self":[{"href":"https:\/\/old.encore-can.com\/fr\/wp-json\/wp\/v2\/pages\/1829","targetHints":{"allow":["GET"]}}],"collection":[{"href":"https:\/\/old.encore-can.com\/fr\/wp-json\/wp\/v2\/pages"}],"about":[{"href":"https:\/\/old.encore-can.com\/fr\/wp-json\/wp\/v2\/types\/page"}],"author":[{"embeddable":true,"href":"https:\/\/old.encore-can.com\/fr\/wp-json\/wp\/v2\/users\/6934"}],"replies":[{"embeddable":true,"href":"https:\/\/old.encore-can.com\/fr\/wp-json\/wp\/v2\/comments?post=1829"}],"version-history":[{"count":0,"href":"https:\/\/old.encore-can.com\/fr\/wp-json\/wp\/v2\/pages\/1829\/revisions"}],"wp:attachment":[{"href":"https:\/\/old.encore-can.com\/fr\/wp-json\/wp\/v2\/media?parent=1829"}],"wp:term":[{"taxonomy":"post_tag","embeddable":true,"href":"https:\/\/old.encore-can.com\/fr\/wp-json\/wp\/v2\/tags?post=1829"}],"curies":[{"name":"wp","href":"https:\/\/api.w.org\/{rel}","templated":true}]}}